{"id":980,"date":"2013-07-31T10:37:57","date_gmt":"2013-07-31T08:37:57","guid":{"rendered":"http:\/\/www.bund-deutscher-tierfreunde.com\/?page_id=980"},"modified":"2026-04-28T13:34:52","modified_gmt":"2026-04-28T11:34:52","slug":"weeze","status":"publish","type":"page","link":"https:\/\/www.bund-deutscher-tierfreunde.com\/?page_id=980","title":{"rendered":"Gnadenhof Weeze"},"content":{"rendered":"<p>Ein gro\u00dfer Traum ging in Erf\u00fcllung. Gequ\u00e4lten, misshandelten oder versto\u00dfenen Kreaturen eine gesicherte Zukunft in Liebe und Geborgenheit zu bieten, war unser langersehnter Wunsch. Nicht die Problemtiere, wie manch andere Tierheime, durch Einschl\u00e4ferungspraktiken los zu werden, sondern den Tieren einen guten und gesicherten Lebensabend zu erm\u00f6glichen.<\/p>\n<div id=\"attachment_987\" style=\"width: 510px\" class=\"wp-caption aligncenter\"><img loading=\"lazy\" decoding=\"async\" aria-describedby=\"caption-attachment-987\" class=\"wp-image-987 size-full\" src=\"https:\/\/www.bund-deutscher-tierfreunde.com\/wp-content\/uploads\/2013\/07\/2.jpg\" alt=\"2\" width=\"500\" height=\"229\" srcset=\"https:\/\/www.bund-deutscher-tierfreunde.com\/wp-content\/uploads\/2013\/07\/2.jpg 500w, https:\/\/www.bund-deutscher-tierfreunde.com\/wp-content\/uploads\/2013\/07\/2-300x137.jpg 300w\" sizes=\"auto, (max-width: 500px) 100vw, 500px\" \/><p id=\"caption-attachment-987\" class=\"wp-caption-text\">Gnadenhof Weeze<\/p><\/div>\n<p>Am Niederrhein wurde ein geeigneter Hof gefunden. Nach der Besichtigung waren sich alle einig: Den h\u00e4tten wir gerne! Nach langem Feilschen wurde der notarielle Kaufvertrag unterzeichnet. Der Hof ging am 01.Juli 2003 in unserem Besitz \u00fcber.\u00a0Der Hof liegt Abseits in Weeze am Niederrhein, Ortsteil Baal Nr. 8 und bietet bed\u00fcrftigen Tieren eine gesicherte Unterkunft.<\/p>\n<p>Kurzinformationen zur St. Georg Tierherberge Weeze:Quadratmeter Land : 45.000Quadratmeter &#8211; bebaute Fl\u00e4che : 1.460 Baujahr: 1945 &#8211; Mitarbeiter: 3<\/p>\n<p>Charakteristika : Tierheim und Gnadenhof f\u00fcr Huftiere<\/p>\n<p>Betrieben wird der Gnadenhof vom Verein Bund deutscher Tierfreunde e.V. welcher auch die Tierherberge Kamp-Lintfort betreibt.<\/p>\n<p>Weitere Informationen zu unserem Gnadenhof haben wir auf unserer <a href=\"http:\/\/www.gnadenhof-weeze.de\/\">Website<\/a> aufgelistet.<\/p>\n<p>Aktuelle Informationen finden Sie auf Facebook: <a href=\"https:\/\/www.facebook.com\/gnadenhofweeze\">Gnadenhof Weeze auf Facebook<\/a><\/p>\n<p>&nbsp;<\/p>\n","protected":false},"excerpt":{"rendered":"<p>Ein gro\u00dfer Traum ging in Erf\u00fcllung. Gequ\u00e4lten, misshandelten oder versto\u00dfenen Kreaturen eine gesicherte Zukunft in Liebe und Geborgenheit zu bieten, war unser langersehnter Wunsch. Nicht die Problemtiere, wie manch andere Tierheime, durch Einschl\u00e4ferungspraktiken los&#46;&#46;&#46;<\/p>\n","protected":false},"author":1,"featured_media":0,"parent":957,"menu_order":0,"comment_status":"open","ping_status":"open","template":"","meta":{"footnotes":""},"class_list":["post-980","page","type-page","status-publish","hentry"],"_links":{"self":[{"href":"https:\/\/www.bund-deutscher-tierfreunde.com\/index.php?rest_route=\/wp\/v2\/pages\/980","targetHints":{"allow":["GET"]}}],"collection":[{"href":"https:\/\/www.bund-deutscher-tierfreunde.com\/index.php?rest_route=\/wp\/v2\/pages"}],"about":[{"href":"https:\/\/www.bund-deutscher-tierfreunde.com\/index.php?rest_route=\/wp\/v2\/types\/page"}],"author":[{"embeddable":true,"href":"https:\/\/www.bund-deutscher-tierfreunde.com\/index.php?rest_route=\/wp\/v2\/users\/1"}],"replies":[{"embeddable":true,"href":"https:\/\/www.bund-deutscher-tierfreunde.com\/index.php?rest_route=%2Fwp%2Fv2%2Fcomments&post=980"}],"version-history":[{"count":15,"href":"https:\/\/www.bund-deutscher-tierfreunde.com\/index.php?rest_route=\/wp\/v2\/pages\/980\/revisions"}],"predecessor-version":[{"id":3688,"href":"https:\/\/www.bund-deutscher-tierfreunde.com\/index.php?rest_route=\/wp\/v2\/pages\/980\/revisions\/3688"}],"up":[{"embeddable":true,"href":"https:\/\/www.bund-deutscher-tierfreunde.com\/index.php?rest_route=\/wp\/v2\/pages\/957"}],"wp:attachment":[{"href":"https:\/\/www.bund-deutscher-tierfreunde.com\/index.php?rest_route=%2Fwp%2Fv2%2Fmedia&parent=980"}],"curies":[{"name":"wp","href":"https:\/\/api.w.org\/{rel}","templated":true}]}}