{"id":957,"date":"2013-07-30T14:41:54","date_gmt":"2013-07-30T12:41:54","guid":{"rendered":"http:\/\/www.bund-deutscher-tierfreunde.com\/?page_id=957"},"modified":"2026-04-28T14:06:39","modified_gmt":"2026-04-28T12:06:39","slug":"tierheime","status":"publish","type":"page","link":"https:\/\/www.bund-deutscher-tierfreunde.com\/?page_id=957","title":{"rendered":"unsere Tierherbergen"},"content":{"rendered":"<p><span style=\"color: #000000;\"><strong>Lange war es ein Traum<br \/>\n<\/strong>Es ging ein gro\u00dfer Traum in Erf\u00fcllung. Gequ\u00e4lte, misshandelte, versto\u00dfene Kreaturen eine gesicherte Zukunft in Liebe und Geborgenheit zu bieten, war unser langersehnter Wunsch. Nicht die Problemtiere, wie manch andere Tierheime, durch Einschl\u00e4ferungspraktiken los zu werden, sondern den Tieren einen guten und gesicherten Lebensabend zu erm\u00f6glichen.<\/span><\/p>\n<p style=\"text-align: justify;\"><span style=\"color: #000000;\">Wir haben eine Tierherberge f\u00fcr geschundene und misshandelte Tiere gefunden. Am Niederrhein wurde ein geeigneter Hof gesehen. Nach der Besichtigung waren sich alle einig: Den h\u00e4tten wir gerne! Nach langem Feilschen wurde der notarielle Kaufvertrag unterzeichnet. Der Hof ging am 01.Juli 2003 in unserem Besitz \u00fcber.<\/span><br \/>\n<span style=\"color: #000000;\"> Der Hof liegt abseits in Weeze am Niederrhein, Ortsteil Baal Nr. 8 und soll misshandelnden, versto\u00dfenen Kreaturen eine gesicherte Unterkunft bieten.<\/span><\/p>\n<p style=\"text-align: justify;\" align=\"justify\"><span style=\"color: #000000;\"><strong>Kurzinformationen zur Tierherberge Weeze:<br \/>\n<\/strong>Quadratmeter Land : 45.000 Quadratmeter &#8211; bebaute Fl\u00e4che : 1.460 Baujahr: 1945 &#8211; Mitarbeiter: 3<\/span><br \/>\n<span style=\"color: #000000;\"> Charakteristika : Tierheim und Gnadenhof f\u00fcr Huftiere<br \/>\nMehr \u00fcber unsere Tierherberge Weeze finden sie <a href=\"https:\/\/www.bund-deutscher-tierfreunde.com\/?page_id=980\" target=\"_self\" rel=\"noopener\">hier<\/a>.<\/span><br \/>\n<span style=\"color: #000000;\"> Weitere Informationen finden Sie in unserem <a href=\"http:\/\/gnadenhofweeze.blogspot.com\/\"><span style=\"color: #000000;\">Blog<\/span><\/a>.<br \/>\nAktuelle Informationen finden Sie in unserem Facebook-Profil: <a href=\"https:\/\/www.facebook.com\/gnadenhofweeze\">Gnadenhof Weeze auf Facebook<\/a>.<br \/>\n<\/span><\/p>\n<p style=\"text-align: justify;\" align=\"justify\"><span style=\"color: #000000;\"><strong>Unsere zweite Tierherberge<\/strong><\/span><br \/>\n<span style=\"color: #000000;\"> Es ist gelungen neben dem Projekt Tierherberge Weeze ein neues riesiges Projekt zum Wohle der Tiere verwirklichen zu k\u00f6nnen. In Kamp-Lintfort konnte ein leerstehendes Tierheim \u00fcbernommen werden. Es hat eine Gr\u00f6\u00dfe von ca. 6400qm auf dem ein wundersch\u00f6nes Tierheimbetriebsgel\u00e4nde steht. Am 01.05.2004 war Er\u00f6ffnung.<\/span><\/p>\n<p style=\"text-align: justify;\"><span style=\"color: #000000;\"><strong>Kurzinformationen zur Tieraltenherberge Kamp-Lintfort:<\/strong><\/span><br \/>\n<span style=\"color: #000000;\"> Quadratmeter Land : 6.000 Quadratmeter &#8211; bebaute Fl\u00e4che : 600 &#8211; Baujahr: 1990 Mitarbeiter: 5<\/span><br \/>\n<span style=\"color: #000000;\"> Charakteristika: Tieraltenherberge f\u00fcr Hunde und Katzen. Vereinssitz und Gesch\u00e4ftsstelle des &#8222;BdT&#8220;.<br \/>\nMehr \u00fcber unsere Tierherberge Weeze finden <\/span><span style=\"color: #000000;\"><a href=\"http:\/\/www.tierherberge-kamp-lintfort.de\/\"><span style=\"color: #000000;\">hier<\/span><\/a>.<\/span><\/p>\n<p style=\"text-align: justify;\" align=\"justify\"><span style=\"color: #000000;\"><strong>Dankesch\u00f6n an den vielen Helfern.<\/strong><\/span><\/p>\n<p style=\"text-align: justify;\"><span style=\"color: #000000;\">Ein gro\u00dfer Hoffnungsschimmer ist, dass viele ehrenamtliche Helfer tagt\u00e4glich den Weg in die Tierheime finden. Sie gehen mit den Tieren Gassi oder Schmusen mit ihnen. Sie geben ihnen Zuwendung \u2013 vielleicht noch wichtiger als alles andere. Mut macht auch, dass viele Jugendliche den Weg ins Tierheim finden<\/span>.<\/p>\n","protected":false},"excerpt":{"rendered":"<p>Lange war es ein Traum Es ging ein gro\u00dfer Traum in Erf\u00fcllung. Gequ\u00e4lte, misshandelte, versto\u00dfene Kreaturen eine gesicherte Zukunft in Liebe und Geborgenheit zu bieten, war unser langersehnter Wunsch. Nicht die Problemtiere, wie manch&#46;&#46;&#46;<\/p>\n","protected":false},"author":1,"featured_media":945,"parent":0,"menu_order":0,"comment_status":"closed","ping_status":"open","template":"","meta":{"footnotes":""},"class_list":["post-957","page","type-page","status-publish","has-post-thumbnail","hentry"],"_links":{"self":[{"href":"https:\/\/www.bund-deutscher-tierfreunde.com\/index.php?rest_route=\/wp\/v2\/pages\/957","targetHints":{"allow":["GET"]}}],"collection":[{"href":"https:\/\/www.bund-deutscher-tierfreunde.com\/index.php?rest_route=\/wp\/v2\/pages"}],"about":[{"href":"https:\/\/www.bund-deutscher-tierfreunde.com\/index.php?rest_route=\/wp\/v2\/types\/page"}],"author":[{"embeddable":true,"href":"https:\/\/www.bund-deutscher-tierfreunde.com\/index.php?rest_route=\/wp\/v2\/users\/1"}],"replies":[{"embeddable":true,"href":"https:\/\/www.bund-deutscher-tierfreunde.com\/index.php?rest_route=%2Fwp%2Fv2%2Fcomments&post=957"}],"version-history":[{"count":19,"href":"https:\/\/www.bund-deutscher-tierfreunde.com\/index.php?rest_route=\/wp\/v2\/pages\/957\/revisions"}],"predecessor-version":[{"id":3691,"href":"https:\/\/www.bund-deutscher-tierfreunde.com\/index.php?rest_route=\/wp\/v2\/pages\/957\/revisions\/3691"}],"wp:featuredmedia":[{"embeddable":true,"href":"https:\/\/www.bund-deutscher-tierfreunde.com\/index.php?rest_route=\/wp\/v2\/media\/945"}],"wp:attachment":[{"href":"https:\/\/www.bund-deutscher-tierfreunde.com\/index.php?rest_route=%2Fwp%2Fv2%2Fmedia&parent=957"}],"curies":[{"name":"wp","href":"https:\/\/api.w.org\/{rel}","templated":true}]}}