{"id":868,"date":"2013-04-20T10:06:29","date_gmt":"2013-04-20T08:06:29","guid":{"rendered":"http:\/\/www.bund-deutscher-tierfreunde.com\/?page_id=868"},"modified":"2026-02-26T15:09:24","modified_gmt":"2026-02-26T13:09:24","slug":"mithelfen","status":"publish","type":"page","link":"https:\/\/www.bund-deutscher-tierfreunde.com\/?page_id=868","title":{"rendered":"Mithelfen \/ Spenden"},"content":{"rendered":"<p style=\"text-align: justify;\"><span style=\"color: #000000;\">Liebe Tierfreunde, der Verein Bund deutscher Tierfreunde e.V. finanziert sich alleine durch Mitgliedsbeitr\u00e4ge und Spenden. Wir unterst\u00fctzen unsere <strong><a title=\"Partner\" href=\"https:\/\/www.bund-deutscher-tierfreunde.com\/?page_id=782\"><span style=\"color: #000000;\">Partner<\/span><\/a><\/strong> im In- und Ausland mit monatlich festen Zusch\u00fcssen u.a. f\u00fcr Tierarztkosten, Bauma\u00dfnahmen, Kastrationen und vieles mehr. In unseren eigenen<strong> <a title=\"unsere Tierherbergen\" href=\"https:\/\/www.bund-deutscher-tierfreunde.com\/?page_id=957\">Tierherbergen<\/a><\/strong> leben \u00fcber 80 Hunde, 30 Pferde, Esel und Kleintiere.<\/span><\/p>\n<p style=\"text-align: justify;\"><span style=\"color: #000000;\">Wer uns unterst\u00fctzen m\u00f6chte, hat hier eine vielf\u00e4ltige M\u00f6glichkeit:<br \/>\n<\/span><br \/>\n<span style=\"color: #3b8dbd;\"> <strong><span style=\"text-decoration: underline;\">Sie haben Ihrem Hund eine schicke neue Leine geschenkt?<\/span><\/strong><\/span><br \/>\n<span style=\"color: #000000;\"> Schenken Sie die alte einem unserer Tierheimhunde.<\/span><\/p>\n<p style=\"text-align: justify;\"><span style=\"color: #3b8dbd;\"><strong><span style=\"text-decoration: underline;\">Ihre Samtpfote hat einen neuen Kratzbaum bekommen?<\/span><\/strong><\/span><br \/>\n<span style=\"color: #000000;\"> Unsere Tierheimkatzen werden sich auch \u00fcber einen &#8222;Gebrauchten&#8220; freuen.<\/span><\/p>\n<p style=\"text-align: justify;\"><span style=\"color: #3b8dbd;\"><strong><span style=\"text-decoration: underline;\">Sie mussten Abschied nehmen von einem geliebten Hausgenossen?<\/span><\/strong><\/span><br \/>\n<span style=\"color: #000000;\"> Schicken Sie das Zubeh\u00f6r, wie Halsband, K\u00f6rbchen, Spielzeug, Katzentoilette, Katzenstreu, B\u00fcrsten &amp; K\u00e4mme, Futtern\u00e4pfe, Kaninchen- sowie Meerschweinchenk\u00e4fige oder Kleintierstreu zu uns ins<strong> <a title=\"unsere Tierherbergen\" href=\"https:\/\/www.bund-deutscher-tierfreunde.com\/?page_id=957\"><span style=\"color: #000000;\">Tierheim<\/span><\/a><\/strong><\/span><span style=\"color: #000000;\">.<br \/>\nMit unserer Aktion \u201ctierische Nachbarschaftshilfe\u201d\u00a0haben Sie die M\u00f6glichkeit f\u00fcr einige Zeit ein Tier zu betreuen.<\/span><\/p>\n<p>&nbsp;<\/p>\n<p style=\"text-align: justify;\"><span style=\"color: #000000;\"><span style=\"text-decoration: underline;\"><strong><span style=\"color: #3b8dbd; text-decoration: underline;\">Unser Verein finanziert sich allein durch Mitgliedsbeitr\u00e4ge und Spenden.<\/span><br \/>\n<\/strong><\/span>Ihre Unterst\u00fctzung k\u00f6nnen Sie uns gerne unter folgenden Konten zukommen lassen<\/span><\/p>\n<p style=\"text-align: justify;\"><span style=\"color: #000000;\">Commerzbank Viersen<br \/>\nIBAN: DE04 3108 0015 0885 0835 01<br \/>\nBIC: DRESDEFF310<br \/>\n<\/span><\/p>\n<p style=\"text-align: justify;\"><span style=\"color: #000000;\">oder<br \/>\n<\/span><\/p>\n<p style=\"text-align: justify;\"><span style=\"color: #000000;\">Volksbank Niederrhein<br \/>\nIBAN: DE44 3546 1106 0128 7840 20<br \/>\nBIC: GENODED1NRH<br \/>\n<\/span><\/p>\n<p>&nbsp;<\/p>\n<p style=\"text-align: justify;\"><span style=\"color: #000000;\">\u00dcber den Spendenbutton gelangen Sie auf unsere Paypal-Seite und k\u00f6nnen so ganz unkompliziert unsere Arbeit und unsere Projekte unterst\u00fctzen.<\/span><\/p>\n<p><span style=\"text-decoration: underline; color: #3b8dbd;\"><strong>Spenden via Paypal<\/strong><\/span><\/p>\n<form action=\"https:\/\/www.paypal.com\/cgi-bin\/webscr\" method=\"post\" target=\"_top\"><input name=\"cmd\" type=\"hidden\" value=\"_donations\" \/><input name=\"business\" type=\"hidden\" value=\"verwaltung@bund-deutscher-tierfreunde.de\" \/><input name=\"lc\" type=\"hidden\" value=\"de_DE\" \/><input name=\"item_name\" type=\"hidden\" value=\"Bund deutscher Tierfreunde e.V.\" \/><input name=\"currency_code\" type=\"hidden\" value=\"EUR\" \/><input name=\"bn\" type=\"hidden\" value=\"PP-DonationsBF:btn_donateCC_LG.gif:NonHostedGuest\" \/><input alt=\"Jetzt einfach, schnell und sicher online bezahlen \u2013 mit PayPal.\" name=\"submit\" src=\"https:\/\/www.paypalobjects.com\/de_DE\/DE\/i\/btn\/btn_donateCC_LG.gif\" type=\"image\" \/><img loading=\"lazy\" decoding=\"async\" src=\"https:\/\/www.paypalobjects.com\/de_DE\/i\/scr\/pixel.gif\" alt=\"\" width=\"1\" height=\"1\" border=\"0\" \/><\/form>\n<p>&nbsp;<\/p>\n<p><span style=\"color: #993300;\"><strong>An dieser Stelle m\u00f6chten wir gerne darauf hinweisen, dass der Bund deutscher Tierfreunde e.V. keine Haust\u00fcrgesch\u00e4fte und\/oder Spendensammlungen an der T\u00fcr durchf\u00fchrt !<\/strong><\/span><\/p>\n<p>&nbsp;<\/p>\n<p><span style=\"text-decoration: underline; color: #3b8dbd;\"><strong>Spendenbescheinigung<\/strong><\/span><\/p>\n<p>Bei einem Spendenbetrag von bis zu 300 Euro ist eine Buchungsbest\u00e4tigung (Kontoauszug) in der Regel ausreichend, dar\u00fcber hinaus braucht es eine Zuwendungsbest\u00e4tigung. Bitte senden Sie hierf\u00fcr eine Anfrage an den Verein.<\/p>\n","protected":false},"excerpt":{"rendered":"<p>Liebe Tierfreunde, der Verein Bund deutscher Tierfreunde e.V. finanziert sich alleine durch Mitgliedsbeitr\u00e4ge und Spenden. Wir unterst\u00fctzen unsere Partner im In- und Ausland mit monatlich festen Zusch\u00fcssen u.a. f\u00fcr Tierarztkosten, Bauma\u00dfnahmen, Kastrationen und vieles&#46;&#46;&#46;<\/p>\n","protected":false},"author":1,"featured_media":1275,"parent":0,"menu_order":0,"comment_status":"open","ping_status":"open","template":"","meta":{"footnotes":""},"class_list":["post-868","page","type-page","status-publish","has-post-thumbnail","hentry"],"_links":{"self":[{"href":"https:\/\/www.bund-deutscher-tierfreunde.com\/index.php?rest_route=\/wp\/v2\/pages\/868","targetHints":{"allow":["GET"]}}],"collection":[{"href":"https:\/\/www.bund-deutscher-tierfreunde.com\/index.php?rest_route=\/wp\/v2\/pages"}],"about":[{"href":"https:\/\/www.bund-deutscher-tierfreunde.com\/index.php?rest_route=\/wp\/v2\/types\/page"}],"author":[{"embeddable":true,"href":"https:\/\/www.bund-deutscher-tierfreunde.com\/index.php?rest_route=\/wp\/v2\/users\/1"}],"replies":[{"embeddable":true,"href":"https:\/\/www.bund-deutscher-tierfreunde.com\/index.php?rest_route=%2Fwp%2Fv2%2Fcomments&post=868"}],"version-history":[{"count":57,"href":"https:\/\/www.bund-deutscher-tierfreunde.com\/index.php?rest_route=\/wp\/v2\/pages\/868\/revisions"}],"predecessor-version":[{"id":3618,"href":"https:\/\/www.bund-deutscher-tierfreunde.com\/index.php?rest_route=\/wp\/v2\/pages\/868\/revisions\/3618"}],"wp:featuredmedia":[{"embeddable":true,"href":"https:\/\/www.bund-deutscher-tierfreunde.com\/index.php?rest_route=\/wp\/v2\/media\/1275"}],"wp:attachment":[{"href":"https:\/\/www.bund-deutscher-tierfreunde.com\/index.php?rest_route=%2Fwp%2Fv2%2Fmedia&parent=868"}],"curies":[{"name":"wp","href":"https:\/\/api.w.org\/{rel}","templated":true}]}}