{"id":865,"date":"2013-04-20T09:38:24","date_gmt":"2013-04-20T07:38:24","guid":{"rendered":"http:\/\/www.bund-deutscher-tierfreunde.com\/?page_id=865"},"modified":"2024-06-11T14:29:07","modified_gmt":"2024-06-11T12:29:07","slug":"tierversuche","status":"publish","type":"page","link":"https:\/\/www.bund-deutscher-tierfreunde.com\/?page_id=865","title":{"rendered":"Tierversuche"},"content":{"rendered":"<p>Nach \u00a71 des Tierschutzgesetzes werden Tiere als \u00bbMitgesch\u00f6pfe\u00ab anerkannt und das Zuf\u00fcgen von Schmerzen, Leiden oder Sch\u00e4den ohne vern\u00fcnftigen Grund verboten. Doch gilt als \u00bbvern\u00fcnftiger Grund\u00ab alles, was dem Menschen irgendeinen Nutzen verspricht. Laut \u00a77 d\u00fcrfen Tieren Schmerzen, Leiden und Sch\u00e4den zum Vorbeugen, Erkennen oder Behandeln von Krankheiten, zum Erkennen von Umweltgef\u00e4hrdungen, zur Pr\u00fcfung von Stoffen oder Produkten auf ihre Unbedenklichkeit und im Rahmen der Grundlagenforschung zugef\u00fcgt werden.<\/p>\n<p>&nbsp;<\/p>\n<p>Das hei\u00dft, dass praktisch alle denkbaren Tierversuche erlaubt sind. In vielen F\u00e4llen verletzen die Versuche nicht nur die Tiere und verschwenden dabei auch noch Geld, sie verletzen und t\u00f6ten auch Menschen. Die Arzneimittel Thalidomid (Contergan), Zomax und DES wurden allesamt an Tieren getestet und f\u00fcr sicher befunden, hatten jedoch ganz verheerende Folgen f\u00fcr die Menschen, die sie benutzten.<\/p>\n<p>Tierversuche leiten auch die Forscher in ihren Studien fehl. Dr. Albert Sabin, der die Polio-Schluckimpfung entwickelte, nannte als Beweis f\u00fcr die Gefahren, die von einer Forschung ausgehen, die sich auf Tierversuche st\u00fctzt, bei einer Kongressanh\u00f6rung das folgende Beispiel:<\/p>\n<p>&#8222;Der paralytischen Polio konnte man nur Herr werden, indem man die irreversible Zerst\u00f6rung der gro\u00dfen Zahl an motorischen Nervenzellen verhinderte; diese Arbeit der Pr\u00e4vention wurde verz\u00f6gert, weil man eine irrige Vorstellung von der Art der Erkrankung beim Menschen hatte, die daher r\u00fchrte, dass man v\u00f6llig irref\u00fchrende Krankheitsmodelle in Experimenten an Affen zugrunde legte.&#8220;<\/p>\n<p>Von den Millionen Medikamenten auf dem Markt, werden von der Weltgesundheitsorganisation (WHO) ganze 200 als wirklich notwendig erachtet. Nach Angaben der FDA verf\u00fcgten 84 % der neuen Arzneimittel, die von den 25 gr\u00f6\u00dften Pharmakonzernen hergestellt wurden, \u00fcber nur geringf\u00fcgiges bis \u00fcberhaupt kein Potential f\u00fcr eine verbesserte Patientenbehandlung. Nur 3 % wurden als wirklich bedeutende Fortschritte eingesch\u00e4tzt.<\/p>\n<p>Der Vereinigung \u00c4rzte gegen Tierversuche geh\u00f6ren zur Zeit mehr als 300 \u00c4rzte, Tier\u00e4rzte und im klinischen Bereich t\u00e4tige Psychologen und Wissenschaftler an, die das Tierexperiment engagiert ablehnen. Sie dokumentieren und informieren \u00fcber Tierversuche in deutschen Laboratorien und zeigen Wege f\u00fcr eine menschengerechte Medizin ohne Tierqu\u00e4lerei auf.<\/p>\n<p><strong>Was Sie tun k\u00f6nnen<\/strong><br \/>\nZwischenzeitlich sollten Sie versuchen, Medikamente wirklich nur dann zu kaufen und einzunehmen, wenn es unbedingt erforderlich ist, denn halten Sie sich bitte immer vor Augen, dass der Verkauf von Arzneimitteln letztendlich auch ein profitables Gesch\u00e4ft ist.<\/p>\n<p><strong>Bedenken Sie:<\/strong><\/p>\n<p>Mehr als 200.000 neue Arzneimittel kommen allj\u00e4hrlich auf den Weltmarkt!<\/p>\n<p>die meisten von Ihnen, nachdem sie auf altert\u00fcmlichste Weise &#8222;getestet&#8220; wurden &#8230; &#8211; im Tierversuch &#8211;<\/p>\n","protected":false},"excerpt":{"rendered":"<p>Nach \u00a71 des Tierschutzgesetzes werden Tiere als \u00bbMitgesch\u00f6pfe\u00ab anerkannt und das Zuf\u00fcgen von Schmerzen, Leiden oder Sch\u00e4den ohne vern\u00fcnftigen Grund verboten. Doch gilt als \u00bbvern\u00fcnftiger Grund\u00ab alles, was dem Menschen irgendeinen Nutzen verspricht. Laut&#46;&#46;&#46;<\/p>\n","protected":false},"author":1,"featured_media":0,"parent":3086,"menu_order":0,"comment_status":"open","ping_status":"open","template":"","meta":{"footnotes":""},"class_list":["post-865","page","type-page","status-publish","hentry"],"_links":{"self":[{"href":"https:\/\/www.bund-deutscher-tierfreunde.com\/index.php?rest_route=\/wp\/v2\/pages\/865","targetHints":{"allow":["GET"]}}],"collection":[{"href":"https:\/\/www.bund-deutscher-tierfreunde.com\/index.php?rest_route=\/wp\/v2\/pages"}],"about":[{"href":"https:\/\/www.bund-deutscher-tierfreunde.com\/index.php?rest_route=\/wp\/v2\/types\/page"}],"author":[{"embeddable":true,"href":"https:\/\/www.bund-deutscher-tierfreunde.com\/index.php?rest_route=\/wp\/v2\/users\/1"}],"replies":[{"embeddable":true,"href":"https:\/\/www.bund-deutscher-tierfreunde.com\/index.php?rest_route=%2Fwp%2Fv2%2Fcomments&post=865"}],"version-history":[{"count":13,"href":"https:\/\/www.bund-deutscher-tierfreunde.com\/index.php?rest_route=\/wp\/v2\/pages\/865\/revisions"}],"predecessor-version":[{"id":3069,"href":"https:\/\/www.bund-deutscher-tierfreunde.com\/index.php?rest_route=\/wp\/v2\/pages\/865\/revisions\/3069"}],"up":[{"embeddable":true,"href":"https:\/\/www.bund-deutscher-tierfreunde.com\/index.php?rest_route=\/wp\/v2\/pages\/3086"}],"wp:attachment":[{"href":"https:\/\/www.bund-deutscher-tierfreunde.com\/index.php?rest_route=%2Fwp%2Fv2%2Fmedia&parent=865"}],"curies":[{"name":"wp","href":"https:\/\/api.w.org\/{rel}","templated":true}]}}