{"id":782,"date":"2013-04-17T09:11:41","date_gmt":"2013-04-17T07:11:41","guid":{"rendered":"http:\/\/www.bund-deutscher-tierfreunde.com\/?page_id=782"},"modified":"2026-04-02T12:13:14","modified_gmt":"2026-04-02T10:13:14","slug":"test","status":"publish","type":"page","link":"https:\/\/www.bund-deutscher-tierfreunde.com\/?page_id=782","title":{"rendered":"Partner"},"content":{"rendered":"<p><strong>Aktuell unterst\u00fctzen wir etwa 20 Kooperationspartner.<\/strong><\/p>\n<p>Neben der ideellen Hilfe erhalten unsere Partner zahlreiche finanzielle und materielle Unterst\u00fctzung. Die finanzielle Unterst\u00fctzung betr\u00e4gt je nach Partnerorganisation zwischen \u20ac 500,-und \u20ac 3000,- monatlich. Zus\u00e4tzlich werden einzelne Projekte, wie z.b. bauliche Ma\u00dfnahmen und Kastrationen mit bezuschusst. Zu dem stellen wir einigen Partnern ein Kraftfahrzeug zur Verf\u00fcgung. Die meisten der von uns unterst\u00fctzten Vereine haben sich dem Wohl Not leidender Haustiere verschrieben. Andere Partner haben sich auf bestimmte Problembereiche spezialisiert&#8230;<\/p>\n<p><a href=\"https:\/\/www.raubkatzenasyl.org\/\" target=\"_blank\" rel=\"noopener\">Raubtier- und Exotenhilfe e.V.<\/a>\u00a0Tiger, Luchse, Pumas aber auch Kleinkatzen, wie Karakale finden im Raubkatzenasyl ein Zuhause. Die meisten Tiere haben eine schlimme Vergangenheit hinter sich: Beschlagnahmt bei Zuh\u00e4ltern, die nur mit ihnen angeben wollten, oder aus Zirkussen, in denen sie unter schlechten Bedingungen leben mussten. Die Anlage ist wirklich einmalig. Bundesweit gibt es kaum eine Alternative wenn es darum geht herrenlose Raubkatzen aufzunehmen.<\/p>\n<p><a href=\"https:\/\/www.welpenwaisenhaus.de\/\" target=\"_blank\" rel=\"noopener\">Welpenwaisenhaus NRW e.V.<\/a>\u00a0Unser Schwerpunkt ist die Aufnahme und Vermittlung von Tierkindern, insbesondere Hundewelpen, die aus verschiedensten Gr\u00fcnden in Not geraten sind.<\/p>\n<p><a href=\"http:\/\/www.iivs.de\/~iivs01301\/index.html\" target=\"_blank\" rel=\"noopener\">Tierhospiz Hof Elise<\/a>\u00a0Jedem von uns ist Hospizarbeit bekannt. Wo die Vorbereitung auf den Tod praktiziert wird. Immer wieder werden Tiere, die f\u00fcr den Besitzer unbrauchbar geworden sind, zum Schlachter gebracht, erschossen, oder gar erschlagen oder ers\u00e4uft. Eine Herberge f\u00fcr alte, kranke, sterbende und vom Menschen zur\u00fcckgelassene, verwaiste Tiere.<\/p>\n<p style=\"text-align: center;\"><strong>Weitere Kooperationspartner:<\/strong><\/p>\n<p><strong>Tierschutzhof Hannover\u00a0 Land e.V.<\/strong><br \/>\nIm M\u00fchlenfeld 1<br \/>\n31535 Neustadt am R\u00fcbenberge<br \/>\nTel.: 05034\/2569811<br \/>\nURL: <a href=\"https:\/\/www.tierschutzhof-hannover-land.de\/\" target=\"_blank\" rel=\"noopener\">www.tierschutzhof-hannover-land.de<\/a><\/p>\n<p><strong>Aktionsgemeinschaft Artenschutz (AGA) e.V.<\/strong><br \/>\nMarkgr\u00f6ninger Str. 31<br \/>\n71696 M\u00f6glingen<br \/>\nTel.: 0049 (0) 7141\/9568131\u00a0 \u00a0 \u00a0Fax: 0049 (0) 7141-9568132<br \/>\nURL: <a href=\"https:\/\/www.aga-artenschutz.de\/\" target=\"_blank\" rel=\"noopener\">www.aga-artenschutz.de<\/a><\/p>\n<p><strong>Animal Hope e.V.\u00a0 Rosenberg<\/strong><br \/>\nHeuweg 5<br \/>\n74749 Rosenberg<br \/>\nMobil: +49 160 24 27 135<br \/>\nMail: info@animalhope-rosenberg.de<br \/>\nMail: felicia.ruhland@animalhope-rosenberg.de<br \/>\nURL: <a href=\"https:\/\/www.animalhope-rosenberg.de\/\" target=\"_blank\" rel=\"noopener\">www.animalhope-rosenberg.de<\/a><\/p>\n<p><strong>Tierhilfs- und Rettungsorganisation e.V.\u00a0<\/strong><br \/>\nWerderplatz 3<br \/>\n77743 Ichenheim<br \/>\nTel: 07807\/949181<br \/>\nURL: <a href=\"https:\/\/www.tierhilfs-und-rettungsorganisation.de\/\" target=\"_blank\" rel=\"noopener\">www.tierhilfs-und-rettungsorganisation.de<\/a><\/p>\n<p><strong>Tierfreunde Bodenseekreis e.V.<\/strong><br \/>\nGie\u00dfen 12<br \/>\n88085 Langenargen<br \/>\nTel.: 07543\/912726<br \/>\nURL: <a href=\"https:\/\/www.tierfreunde-bodenseekreis.de\/\" target=\"_blank\" rel=\"noopener\">www.tierfreunde-bodenseekreis.de<\/a><\/p>\n<p><strong>Tiere in Not e.V. Bochum<\/strong><br \/>\nCastroper Str. 139<br \/>\n44791 Bochum<br \/>\nTel.: 0234\/95082292<br \/>\nMail: tiere-in-not-bochum@web.de<br \/>\nURL: <a href=\"https:\/\/www.tiere-in-not-bochum.de\" target=\"_blank\" rel=\"noopener\">www.tiere-in-not-bochum.de<\/a><\/p>\n<p><strong>Stimme der Tiere e.V. Berlin<\/strong><br \/>\nFeigensteig 16<br \/>\n13591 Berlin<br \/>\nTel.: 030 \/ 367 75 27<br \/>\nURL: <del>www.stimme-der-tiere-berlin.org<br \/>\n<\/del><a href=\"https:\/\/www.betterplace.org\/de\/organisations\/13734-stimme-der-tiere-berlin-e-v\" target=\"_blank\" rel=\"noopener\">Stimme der Tiere e.V. Berlin bei Betterplace.org<\/a><\/p>\n<p><strong>Tierherberge Kamp-Lintfort<\/strong><br \/>\nAm Drehmannshof 2<br \/>\n47475 Kamp-Lintfort<br \/>\nTel: 02842\/928320<br \/>\nURL: <a href=\"https:\/\/www.tierherberge-kamp-lintfort.de\/\" target=\"_blank\" rel=\"noopener\">www.tierherberge-kamp-lintfort.de<\/a><\/p>\n<p><strong>Tiere in Not e.V.\u00a0<\/strong><br \/>\nDonaubr\u00fccke 5<br \/>\n78194 Immendingen &#8211; Hintschingen<br \/>\nTel.:07462\/8192<\/p>\n<p><strong>Gnadenhof Weeze<br \/>\n<\/strong>Baal 8<br \/>\n47652 Weeze-Baal<br \/>\nTel: 02837\/669113<br \/>\nURL: <a href=\"https:\/\/gnadenhofweeze.blogspot.com\/\" target=\"_blank\" rel=\"noopener\">www.gnadenhof-weeze.de<\/a><\/p>\n<p><strong>Tierherberge Donzdorf e.V.<\/strong><br \/>\nIm Lautergarten 5<br \/>\n73072 Donzdorf<br \/>\nTel.: 07162\/943288 oder 0172\/2348413<br \/>\nURL: <a href=\"https:\/\/www.tierherberge-donzdorf.de\" target=\"_blank\" rel=\"noopener\">www.tierherberge-donzdorf.de<\/a><\/p>\n<p><strong>Oppumer Verein f\u00fcr Notleidende Pferde u. Ponys<\/strong><br \/>\nHauptstr. 366<br \/>\n47809 Krefeld<br \/>\nTel.:0174\/9114836<br \/>\nURL: <a href=\"http:\/\/www.dtk-gruppe-krefeld.de\/\" target=\"_blank\" rel=\"noopener\">www.dtk-gruppe-krefeld.de<\/a><\/p>\n<p><strong>Kreistierschutzverein Bad Kissingen e.V.\u00a0<\/strong><br \/>\nTierheim Wanningsm\u00fchle<br \/>\nZur M\u00fchle 10<br \/>\n97702 M\u00fcnnerstadt<br \/>\nTel.: 09766 \/ 12 21 &#8211; Fax: 09766 \/ 16 06<br \/>\nURL: <a href=\"https:\/\/www.tierheim-wannigsmuehle.de\/\" target=\"_blank\" rel=\"noopener\">www.tierheim-wannigsmuehle.de<\/a><\/p>\n<p><strong><span dir=\"ltr\" role=\"presentation\">Gnadenhof und <\/span><\/strong><strong><span dir=\"ltr\" role=\"presentation\">Wildtierrettung<\/span><\/strong><br role=\"presentation\" \/><span dir=\"ltr\" role=\"presentation\"><strong>Notkleintiere e.V.<\/strong> <\/span><br role=\"presentation\" \/><span dir=\"ltr\" role=\"presentation\">16515 Oranienburg<\/span><br role=\"presentation\" \/><span dir=\"ltr\" role=\"presentation\">OT Wensickendorf<\/span><br role=\"presentation\" \/><span dir=\"ltr\" role=\"presentation\">Tel.: 01623 \/ 17 71 77<\/span><br role=\"presentation\" \/><span dir=\"ltr\" role=\"presentation\">\u00a0 \u00a0 \u00a0 \u00a0 01628 \/ 51 01 51<\/span><br role=\"presentation\" \/><span dir=\"ltr\" role=\"presentation\">E-Mail: <\/span><span dir=\"ltr\" role=\"presentation\">info@notkleintiere.de<br \/>\n<\/span>URL: <a href=\"https:\/\/www.notkleintiere.de\/\" target=\"_blank\" rel=\"noopener\"><span dir=\"ltr\" role=\"presentation\">www.notkleintiere.de<\/span><\/a><\/p>\n<p><strong>SOS-Vergessene Pfoten<br \/>\n<\/strong><strong>Tierschutz e.V.<br \/>\n<\/strong>Goldbergstra\u00dfe 1a<br \/>\n58095 Hagen<br \/>\nTel.: 02331 \/ 3675915<br \/>\nDaliborka Colic<br \/>\nE-Mail: info@sosvergessenepfoten.de<br \/>\nURL: <a href=\"https:\/\/www.sosvergessenepfoten.de\/\" target=\"_blank\" rel=\"noopener\">www.sosvergessenepfoten.de<\/a><\/p>\n<p><strong>Raubtier- und Exotenasyl e.V.<\/strong><br \/>\nLeinm\u00fchlstra\u00dfe 2<br \/>\n91522 Ansbach<br \/>\nTel.: +49 (0) 1704151972<br \/>\nMail: info@raubkatzenasyl.org<br \/>\nURL: <a href=\"https:\/\/www.raubkatzenasyl.org\/\" target=\"_blank\" rel=\"noopener\">www.raubkatzenasyl.org<\/a><\/p>\n<p><strong>Turtle Foundation<\/strong><br \/>\nInternational Office<br \/>\nAn der Eiche 7A<br \/>\nD-50678 K\u00f6ln<br \/>\nTel: 0049 221 3466 7220<br \/>\nMail: info@turtle-foundation.org<br \/>\nURL: <a href=\"https:\/\/www.turtle-foundation.org\/\" target=\"_blank\" rel=\"noopener\">www.turtle-foundation.org<\/a><\/p>\n<div><\/div>\n<p style=\"text-align: center;\"><strong>Partner im Ausland<\/strong><\/p>\n<div><\/div>\n<div>\n<p><strong>Spo\u0142eczne Schronisko dla<br \/>\n<\/strong><strong>Zwierz\u0105t Toz \u201eFauna\u201c<br \/>\n<\/strong>Im. \u015bw Franciska z Asy\u017cu<br \/>\nul. Bujoczka<br \/>\n41-700 Ruda \u015al\u0105ska, Polen<br \/>\nTel.: (32) 24-80-362<br \/>\n501 215 284<br \/>\nE-Mail: schronisko@fauna.rsl.pl<br \/>\nURL: www.fauna.rsl.pl<\/p>\n<\/div>\n<div><\/div>\n","protected":false},"excerpt":{"rendered":"<p>Aktuell unterst\u00fctzen wir etwa 20 Kooperationspartner. Neben der ideellen Hilfe erhalten unsere Partner zahlreiche finanzielle und materielle Unterst\u00fctzung. Die finanzielle Unterst\u00fctzung betr\u00e4gt je nach Partnerorganisation zwischen \u20ac 500,-und \u20ac 3000,- monatlich. Zus\u00e4tzlich werden einzelne&#46;&#46;&#46;<\/p>\n","protected":false},"author":1,"featured_media":0,"parent":0,"menu_order":3,"comment_status":"open","ping_status":"open","template":"","meta":{"footnotes":""},"class_list":["post-782","page","type-page","status-publish","hentry"],"_links":{"self":[{"href":"https:\/\/www.bund-deutscher-tierfreunde.com\/index.php?rest_route=\/wp\/v2\/pages\/782","targetHints":{"allow":["GET"]}}],"collection":[{"href":"https:\/\/www.bund-deutscher-tierfreunde.com\/index.php?rest_route=\/wp\/v2\/pages"}],"about":[{"href":"https:\/\/www.bund-deutscher-tierfreunde.com\/index.php?rest_route=\/wp\/v2\/types\/page"}],"author":[{"embeddable":true,"href":"https:\/\/www.bund-deutscher-tierfreunde.com\/index.php?rest_route=\/wp\/v2\/users\/1"}],"replies":[{"embeddable":true,"href":"https:\/\/www.bund-deutscher-tierfreunde.com\/index.php?rest_route=%2Fwp%2Fv2%2Fcomments&post=782"}],"version-history":[{"count":95,"href":"https:\/\/www.bund-deutscher-tierfreunde.com\/index.php?rest_route=\/wp\/v2\/pages\/782\/revisions"}],"predecessor-version":[{"id":3645,"href":"https:\/\/www.bund-deutscher-tierfreunde.com\/index.php?rest_route=\/wp\/v2\/pages\/782\/revisions\/3645"}],"wp:attachment":[{"href":"https:\/\/www.bund-deutscher-tierfreunde.com\/index.php?rest_route=%2Fwp%2Fv2%2Fmedia&parent=782"}],"curies":[{"name":"wp","href":"https:\/\/api.w.org\/{rel}","templated":true}]}}