{"id":3209,"date":"2024-06-25T13:10:01","date_gmt":"2024-06-25T11:10:01","guid":{"rendered":"https:\/\/www.bund-deutscher-tierfreunde.com\/?page_id=3209"},"modified":"2026-02-26T13:14:40","modified_gmt":"2026-02-26T11:14:40","slug":"impressum-neu","status":"publish","type":"page","link":"https:\/\/www.bund-deutscher-tierfreunde.com\/?page_id=3209","title":{"rendered":"Impressum"},"content":{"rendered":"<h4><span style=\"text-decoration: underline; color: #3b8dbd;\"><strong>Angaben gem\u00e4\u00df \u00a7 5 TMG<\/strong><\/span><\/h4>\n<p><strong><span style=\"color: #3b8dbd;\">Vereinssitz:<\/span><br \/>\n<\/strong><span style=\"color: #000000;\"> Bund Deutscher Tierfreunde e.V.<\/span><br \/>\n<span style=\"color: #000000;\"> Am Drehmannshof 2<\/span><br \/>\n<span style=\"color: #000000;\"> D-47475 Kamp-Lintfort<\/span><\/p>\n<p>&nbsp;<\/p>\n<p><strong><span style=\"color: #3b8dbd;\">Vertretungsberechtigt und f\u00fcr den Inhalt der Publikation verantwortlich ist\u00a0der Vorstand des BDT e.V.:<\/span><\/strong><\/p>\n<ol>\n<li><span style=\"color: #000000;\">Vorsitzende:\u00a0 Martina Klein<\/span><\/li>\n<li><span style=\"color: #000000;\">Vorsitzender: Arnim Traute<\/span><\/li>\n<li><span style=\"color: #000000;\">Vorsitzender: Martin Daniel<\/span><\/li>\n<\/ol>\n<p>&nbsp;<\/p>\n<p><strong><span style=\"color: #3b8dbd;\">Kontakt:<\/span><\/strong><br \/>\n<span style=\"color: #000000;\"> Bund Deutscher Tierfreunde e.V.<\/span><br \/>\n<span style=\"color: #000000;\"> Am Drehmannshof 2<\/span><br \/>\n<span style=\"color: #000000;\"> D-47475 Kamp-Lintfort<\/span><\/p>\n<p><span style=\"color: #000000;\"> Tel.: 0 28 42 \/ 92 83 20<\/span><br \/>\n<span style=\"color: #000000;\"> Fax: 0 28 42 \/ 9 28 32 20<\/span><br \/>\n<span style=\"color: #000000;\"> E-Mail: verwaltung@bund-deutscher-tierfreunde.de<\/span><\/p>\n<p>&nbsp;<\/p>\n<p><strong><span style=\"color: #3b8dbd;\">Registereintrag:<\/span><br \/>\n<\/strong><span style=\"color: #000000;\">Eintragung im Vereinsregister<\/span><br \/>\n<span style=\"color: #000000;\">Registergericht: Amtsgericht Kleve<\/span><br \/>\n<span style=\"color: #000000;\">Registernummer: Vereinsregister 21673<\/span><\/p>\n<p>&nbsp;<\/p>\n<p><strong><span style=\"color: #3b8dbd;\">Umsatzsteuer-ID:<\/span><br \/>\n<\/strong><em><span style=\"color: #000000;\">nicht beantragt<\/span><\/em><\/p>\n<p>&nbsp;<\/p>\n<p><strong><span style=\"color: #3b8dbd;\">Spenden und F\u00f6rdermitgliedschaft:<\/span><\/strong><br \/>\n<span style=\"color: #000000;\">Sie k\u00f6nnen den Bund Deutscher Tierfreunde e.V. auch mit Spenden oder einer F\u00f6rdermitgliedschaft unterst\u00fctzen.<br \/>\n<strong>Der Verein ist als gemeinn\u00fctzig und besonders f\u00f6rderungsw\u00fcrdig anerkannt.<\/strong><br \/>\nSpenden und F\u00f6rdermitgliedsbeitr\u00e4ge sind daher steuerabzugsf\u00e4hig.<\/span><\/p>\n<p><span style=\"color: #000000;\"><u>Spendenkonten<\/u><\/span><\/p>\n<ul>\n<li><span style=\"color: #000000;\">Commerzbank Viersen<br \/>\nIBAN: DE04 3108 0015 0885 0835 01\u00a0 \u00a0&#8211;\u00a0 \u00a0BIC: DRESDEFF310<\/span><\/li>\n<li><span style=\"color: #000000;\">Volksbank Niederrhein<br \/>\nIBAN: DE44 3546 1106 0128 7840 20\u00a0 \u00a0&#8211;\u00a0 \u00a0BIC: GENODED1NRH<\/span><\/li>\n<\/ul>\n<p>&nbsp;<\/p>\n<hr \/>\n<p><strong><span style=\"color: #3b8dbd;\">Urheberrecht:<\/span><\/strong><br \/>\n<span style=\"color: #000000;\">S\u00e4mtliche Inhalte wie Fotografien, Texte, Grafiken, Animationen unterliegen dem Schutz des Urheberrechts und anderen Gesetzen zum Schutz geistigen Eigentums. Inhalte dieser Website d\u00fcrfen nicht zu kommerziellen Zwecken kopiert, verbreitet oder ver\u00e4ndert werden.<\/span><\/p>\n<p>&nbsp;<\/p>\n<p><strong><span style=\"color: #3b8dbd;\">Haftungsausschluss<\/span><\/strong>:<br \/>\n<span style=\"color: #000000;\">Diese Website ist mit gr\u00f6\u00dftm\u00f6glicher Sorgfalt entwickelt worden und wird permanent \u00fcberpr\u00fcft, \u00fcberarbeitet und aktualisiert. Die Angaben dienen lediglich nur der unverbindlichen, allgemeinen Information. Wir \u00fcbernehmen keine Gew\u00e4hr f\u00fcr die Aktualit\u00e4t, Richtigkeit, Vollst\u00e4ndigkeit und Qualit\u00e4t der Informationen auf diesen Seiten.<\/span><\/p>\n<p>Wir schlie\u00dfen jegliche Haftung f\u00fcr Sch\u00e4den, die direkt oder indirekt aus der Benutzung dieser Website oder durch das Herunterladen von Daten von dieser Internetpr\u00e4senz entstehen, aus. Unsere Website enth\u00e4lt Links zu anderen Websitebetreibern. Wir \u00fcbernehmen keine Gew\u00e4hr oder Haftung f\u00fcr deren Funktion oder Inhalte.<\/p>\n","protected":false},"excerpt":{"rendered":"<p>Angaben gem\u00e4\u00df \u00a7 5 TMG Vereinssitz: Bund Deutscher Tierfreunde e.V. Am Drehmannshof 2 D-47475 Kamp-Lintfort &nbsp; Vertretungsberechtigt und f\u00fcr den Inhalt der Publikation verantwortlich ist\u00a0der Vorstand des BDT e.V.: Vorsitzende:\u00a0 Martina Klein Vorsitzender: Arnim&#46;&#46;&#46;<\/p>\n","protected":false},"author":1,"featured_media":0,"parent":0,"menu_order":0,"comment_status":"closed","ping_status":"closed","template":"","meta":{"footnotes":""},"class_list":["post-3209","page","type-page","status-publish","hentry"],"_links":{"self":[{"href":"https:\/\/www.bund-deutscher-tierfreunde.com\/index.php?rest_route=\/wp\/v2\/pages\/3209","targetHints":{"allow":["GET"]}}],"collection":[{"href":"https:\/\/www.bund-deutscher-tierfreunde.com\/index.php?rest_route=\/wp\/v2\/pages"}],"about":[{"href":"https:\/\/www.bund-deutscher-tierfreunde.com\/index.php?rest_route=\/wp\/v2\/types\/page"}],"author":[{"embeddable":true,"href":"https:\/\/www.bund-deutscher-tierfreunde.com\/index.php?rest_route=\/wp\/v2\/users\/1"}],"replies":[{"embeddable":true,"href":"https:\/\/www.bund-deutscher-tierfreunde.com\/index.php?rest_route=%2Fwp%2Fv2%2Fcomments&post=3209"}],"version-history":[{"count":23,"href":"https:\/\/www.bund-deutscher-tierfreunde.com\/index.php?rest_route=\/wp\/v2\/pages\/3209\/revisions"}],"predecessor-version":[{"id":3608,"href":"https:\/\/www.bund-deutscher-tierfreunde.com\/index.php?rest_route=\/wp\/v2\/pages\/3209\/revisions\/3608"}],"wp:attachment":[{"href":"https:\/\/www.bund-deutscher-tierfreunde.com\/index.php?rest_route=%2Fwp%2Fv2%2Fmedia&parent=3209"}],"curies":[{"name":"wp","href":"https:\/\/api.w.org\/{rel}","templated":true}]}}