{"id":3146,"date":"2024-06-25T14:41:28","date_gmt":"2024-06-25T12:41:28","guid":{"rendered":"https:\/\/www.bund-deutscher-tierfreunde.com\/?page_id=3146"},"modified":"2024-07-01T15:08:41","modified_gmt":"2024-07-01T13:08:41","slug":"datenschutzerklaerung-2","status":"publish","type":"page","link":"https:\/\/www.bund-deutscher-tierfreunde.com\/?page_id=3146","title":{"rendered":"Datenschutzerkl\u00e4rung"},"content":{"rendered":"\r\n<h2 class=\"wp-block-heading\">Wer wir sind<\/h2>\r\n\r\n\r\n\r\n<p>Verantwortliche Stelle im Sinne der Datenschutzgesetze ist:<\/p>\r\n<p><span class=\"bullets_text\"><strong>Bund Deutscher Tierfreunde e.V.<\/strong><\/span><span class=\"bullets_text\"><br \/>Am Drehmannshof 2<br \/>D-47475 Kamp-Lintfort<\/span><\/p>\r\n<p>Tel. Verein: 02842\/928320<br \/>Fax Verein: 02842\/9283220<\/p>\r\n<p>Mail: verwaltung[at]bund-deutscher-tierfreunde.de<\/p>\r\n<p>Die Adresse unserer Website lautet: www.bund-deutscher-tierfreunde.com<\/p>\r\n\r\n<h2 class=\"wp-block-heading\">Erfassung allgemeiner Informationen<\/h2>\r\n\r\n<p>Wenn Sie auf unsere Webseite zugreifen, werden automatisch Informationen allgemeiner Natur erfasst. Diese Informationen (Server-Logfiles) beinhalten etwa die Art des Webbrowsers, das verwendete Betriebssystem, den Domainnamen Ihres Internet Service Providers und \u00c4hnliches. Hierbei handelt es sich ausschlie\u00dflich um Informationen, welche keine R\u00fcckschl\u00fcsse auf Ihre Person zulassen. Diese Informationen sind technisch notwendig, um von Ihnen angeforderte Inhalte von Webseiten korrekt auszuliefern und fallen bei Nutzung des Internets zwingend an. Anonyme Informationen dieser Art werden von uns statistisch ausgewertet, um unseren Internetauftritt und die dahinterstehende Technik zu optimieren.<\/p>\r\n\r\n<h2 class=\"wp-block-heading\">Cookies<\/h2>\r\n\r\n<p>Wie viele andere Webseiten verwenden wir auch so genannte \u201eCookies\u201c. Cookies sind kleine Textdateien, die von einem Webseitenserver auf Ihre Festplatte \u00fcbertragen werden. Hierdurch erhalten wir automatisch bestimmte Daten wie z. B. IP-Adresse, verwendeter Browser, Betriebssystem \u00fcber Ihren Computer und Ihre Verbindung zum Internet.<\/p>\r\n<p>Cookies k\u00f6nnen nicht verwendet werden, um Programme zu starten oder Viren auf einen Computer zu \u00fcbertragen. Anhand der in Cookies enthaltenen Informationen k\u00f6nnen wir Ihnen die Navigation erleichtern und die korrekte Anzeige unserer Webseiten erm\u00f6glichen.<\/p>\r\n<p>In keinem Fall werden die von uns erfassten Daten an Dritte weitergegeben oder ohne Ihre Einwilligung eine Verkn\u00fcpfung mit personenbezogenen Daten hergestellt.<\/p>\r\n<p>Nat\u00fcrlich k\u00f6nnen Sie unsere Website grunds\u00e4tzlich auch ohne Cookies betrachten. Internet-Browser sind regelm\u00e4\u00dfig so eingestellt, dass sie Cookies akzeptieren. Sie k\u00f6nnen die Verwendung von Cookies jederzeit \u00fcber die Einstellungen Ihres Browsers deaktivieren. Bitte verwenden Sie die Hilfefunktionen Ihres Internetbrowsers, um zu erfahren, wie Sie diese Einstellungen \u00e4ndern k\u00f6nnen. Bitte beachten Sie, dass einzelne Funktionen unserer Website m\u00f6glicherweise nicht funktionieren, wenn Sie die Verwendung von Cookies deaktiviert haben.<\/p>\r\n<p>Wenn du einen Kommentar auf unserer Website schreibst, kann das eine Einwilligung sein, deinen Namen, E-Mail-Adresse und Website in Cookies zu speichern. Dies ist eine Komfortfunktion, damit du nicht, wenn du einen weiteren Kommentar schreibst, all diese Daten erneut eingeben musst. Diese Cookies werden ein Jahr lang gespeichert.<\/p>\r\n<p>\r\n\r\n<\/p>\r\n<p>Falls du ein Konto hast und dich auf dieser Website anmeldest, werden wir ein tempor\u00e4res Cookie setzen, um festzustellen, ob dein Browser Cookies akzeptiert. Dieses Cookie enth\u00e4lt keine personenbezogenen Daten und wird verworfen, wenn du deinen Browser schlie\u00dft.<\/p>\r\n<p>\r\n\r\n<\/p>\r\n<p>Wenn du dich anmeldest, werden wir einige Cookies einrichten, um deine Anmeldeinformationen und Anzeigeoptionen zu speichern. Anmelde-Cookies verfallen nach zwei Tagen und Cookies f\u00fcr die Anzeigeoptionen nach einem Jahr. Falls du bei der Anmeldung \u201eAngemeldet bleiben\u201c ausw\u00e4hlst, wird deine Anmeldung zwei Wochen lang aufrechterhalten. Mit der Abmeldung aus deinem Konto werden die Anmelde-Cookies gel\u00f6scht.<\/p>\r\n<p>\r\n\r\n<\/p>\r\n<p>Wenn du einen Artikel bearbeitest oder ver\u00f6ffentlichst, wird ein zus\u00e4tzlicher Cookie in deinem Browser gespeichert. Dieser Cookie enth\u00e4lt keine personenbezogenen Daten und verweist nur auf die Beitrags-ID des Artikels, den du gerade bearbeitet hast. Der Cookie verf\u00e4llt nach einem Tag.<\/p>\r\n<h2 class=\"wp-block-heading\">Kommentare<\/h2>\r\n<p>\r\n\r\n<\/p>\r\n<p>Wenn Besucher Kommentare auf der Website schreiben, sammeln wir die Daten, die im Kommentar-Formular angezeigt werden, au\u00dferdem die IP-Adresse des Besuchers und den User-Agent-String (damit wird der Browser identifiziert), um die Erkennung von Spam zu unterst\u00fctzen.<\/p>\r\n<p>\r\n\r\n<\/p>\r\n<p>Aus deiner E-Mail-Adresse kann eine anonymisierte Zeichenfolge erstellt (auch Hash genannt) und dem Gravatar-Dienst \u00fcbergeben werden, um zu pr\u00fcfen, ob du diesen benutzt. Die Datenschutzerkl\u00e4rung des Gravatar-Dienstes findest du hier: https:\/\/automattic.com\/privacy\/. Nachdem dein Kommentar freigegeben wurde, ist dein Profilbild \u00f6ffentlich im Kontext deines Kommentars sichtbar.<\/p>\r\n<p>\r\n\r\n<\/p>\r\n\r\n<h2 class=\"wp-block-heading\">SSL-Verschl\u00fcsselung<\/h2>\r\n\r\n<p>Um die Sicherheit Ihrer Daten bei der \u00dcbertragung zu sch\u00fctzen, verwenden wir dem aktuellen Stand der Technik entsprechende Verschl\u00fcsselungsverfahren (z. B. SSL) \u00fcber HTTPS.<\/p>\r\n<h2>Kontaktformular<\/h2>\r\n<p>Treten Sie per E-Mail oder Kontaktformular mit uns in Kontakt, werden die von Ihnen gemachten Angaben zum Zwecke der Bearbeitung der Anfrage sowie f\u00fcr m\u00f6gliche weiteren Fragen gespeichert.<\/p>\r\n\r\n\r\n\r\n<h2 class=\"wp-block-heading\">Medien<\/h2>\r\n\r\n\r\n\r\n<p>Wenn du ein registrierter Benutzer bist und Fotos auf diese Website l\u00e4dst, solltest du vermeiden, Fotos mit einem EXIF-GPS-Standort hochzuladen. Besucher dieser Website k\u00f6nnten Fotos, die auf dieser Website gespeichert sind, herunterladen und deren Standort-Informationen extrahieren.<\/p>\r\n\r\n\r\n\r\n<h2 class=\"wp-block-heading\">Einsatz und Verwendung von PayPal<\/h2>\r\n\r\n\r\n\r\n<p>Auf unserer Webseite ist einen Spendenbutton des Dienstes\u00a0<a href=\"https:\/\/www.paypal.com\/\" target=\"_blank\" rel=\"nofollow noopener\">PayPal<\/a>\u00a0eingebunden. Haben Sie ein PayPal-Konto und m\u00f6chten uns mit einer Spende bedenken, ist dies durch einen Klick auf den entsprechenden Button m\u00f6glich. Bei der reinen Anzeigen von Seiten, die den PayPal Button enthalten werden keine Daten an PayPal \u00fcbermittelt. Erst durch das Benutzen des PayPal-Spendenbuttons wird eine Verbindung zwischen Ihrem Browser und dem PayPal-Server hergestellt. PayPal erh\u00e4lt dadurch die Information, dass Sie mit Ihrer IP-Adresse unsere Seite besucht haben. Dabei werden auch Daten an PayPal \u00fcbertragen. Wir weisen darauf hin, dass wir als Anbieter unserer Seiten keine Kenntnis vom Inhalt der \u00fcbermittelten Daten sowie deren Nutzung durch PayPal erhalten. Weitere Informationen hierzu finden Sie in der\u00a0<a title=\"https:\/\/www.paypalobjects.com\/webstatic\/de_DE\/ua\/pdf\/privacy.pdf#_blank\" href=\"https:\/\/www.paypalobjects.com\/webstatic\/de_DE\/ua\/pdf\/privacy.pdf#_blank\" target=\"_blank\" rel=\"nofollow noopener\">Datenschutzerkl\u00e4rung von PayPal<\/a>.<\/p>\r\n<p class=\"bodytext\">Die \u00dcbermittlung Ihrer Daten an PayPal erfolgt auf Grundlage von Art. 6 Abs. 1 lit. b DSGVO (Verarbeitung zur Erf\u00fcllung eines Vertrags).<\/p>\r\n\r\n\r\n\r\n\r\n\r\n<h2 class=\"wp-block-heading\">Eingebettete Inhalte von anderen Websites<\/h2>\r\n\r\n\r\n\r\n<p>Beitr\u00e4ge auf dieser Website k\u00f6nnen eingebettete Inhalte beinhalten (z.\u00a0B. Videos, Bilder, Beitr\u00e4ge etc.). Eingebettete Inhalte von anderen Websites verhalten sich exakt so, als ob der Besucher die andere Website besucht h\u00e4tte.<\/p>\r\n\r\n\r\n\r\n<p>Diese Websites k\u00f6nnen Daten \u00fcber dich sammeln, Cookies benutzen, zus\u00e4tzliche Tracking-Dienste von Dritten einbetten und deine Interaktion mit diesem eingebetteten Inhalt aufzeichnen, inklusive deiner Interaktion mit dem eingebetteten Inhalt, falls du ein Konto hast und auf dieser Website angemeldet bist.<\/p>\r\n\r\n\r\n\r\n<h2 class=\"wp-block-heading\">Mit wem wir deine Daten teilen<\/h2>\r\n\r\n\r\n\r\n<p>Wenn du eine Zur\u00fccksetzung des Passworts beantragst, wird deine IP-Adresse in der E-Mail zur Zur\u00fccksetzung enthalten sein.<\/p>\r\n\r\n\r\n\r\n<h2 class=\"wp-block-heading\">Wie lange wir deine Daten speichern<\/h2>\r\n\r\n\r\n\r\n<p>Wenn du einen Kommentar schreibst, wird dieser inklusive Metadaten zeitlich unbegrenzt gespeichert. Auf diese Art k\u00f6nnen wir Folgekommentare automatisch erkennen und freigeben, anstatt sie in einer Moderations-Warteschlange festzuhalten.<\/p>\r\n\r\n\r\n\r\n<p>F\u00fcr Benutzer, die sich auf unserer Website registrieren, speichern wir zus\u00e4tzlich die pers\u00f6nlichen Informationen, die sie in ihren Benutzerprofilen angeben. Alle Benutzer k\u00f6nnen jederzeit ihre pers\u00f6nlichen Informationen einsehen, ver\u00e4ndern oder l\u00f6schen (der Benutzername kann nicht ver\u00e4ndert werden). Administratoren der Website k\u00f6nnen diese Informationen ebenfalls einsehen und ver\u00e4ndern.<\/p>\r\n\r\n\r\n\r\n<h2 class=\"wp-block-heading\">Welche Rechte du an deinen Daten hast<\/h2>\r\n\r\n\r\n\r\n<p>Wenn du ein Konto auf dieser Website besitzt oder Kommentare geschrieben hast, kannst du einen Export deiner personenbezogenen Daten bei uns anfordern, inklusive aller Daten, die du uns mitgeteilt hast. Dar\u00fcber hinaus kannst du die L\u00f6schung aller personenbezogenen Daten, die wir von dir gespeichert haben, anfordern. Dies umfasst nicht die Daten, die wir aufgrund administrativer, rechtlicher oder sicherheitsrelevanter Notwendigkeiten aufbewahren m\u00fcssen.<\/p>\r\n<h2>L\u00f6schung bzw. Sperrung der Daten<\/h2>\r\n<p>Wir halten uns an die Grunds\u00e4tze der Datenvermeidung und Datensparsamkeit. Wir speichern Ihre personenbezogenen Daten daher nur so lange, wie dies zur Erreichung der hier genannten Zwecke erforderlich ist oder wie es die vom Gesetzgeber vorgesehenen vielf\u00e4ltigen Speicherfristen vorsehen. Nach Fortfall des jeweiligen Zweckes bzw. Ablauf dieser Fristen werden die entsprechenden Daten routinem\u00e4\u00dfig und entsprechend den gesetzlichen Vorschriften gesperrt oder gel\u00f6scht.<\/p>\r\n\r\n\r\n\r\n<h2 class=\"wp-block-heading\">Wohin deine Daten gesendet werden<\/h2>\r\n\r\n\r\n\r\n<p>Besucher-Kommentare k\u00f6nnten von einem automatisierten Dienst zur Spam-Erkennung untersucht werden.<\/p>\r\n<h2>Verwendung von Scriptbibliotheken (Google Webfonts)<\/h2>\r\n<p>Um unsere Inhalte browser\u00fcbergreifend korrekt und grafisch ansprechend darzustellen, verwenden wir auf dieser Website Scriptbibliotheken und Schriftbibliotheken wie z. B. Google Webfonts (<a href=\"http:\/\/www.google.com\/webfonts\/\" target=\"_blank\" rel=\"noopener noreferrer\">https:\/\/www.google.com\/webfonts\/<\/a>). Google Webfonts werden zur Vermeidung mehrfachen Ladens in den Cache Ihres Browsers \u00fcbertragen. Falls der Browser die Google Webfonts nicht unterst\u00fctzt oder den Zugriff unterbindet, werden Inhalte in einer Standardschrift angezeigt.<\/p>\r\n<p>Der Aufruf von Scriptbibliotheken oder Schriftbibliotheken l\u00f6st automatisch eine Verbindung zum Betreiber der Bibliothek aus. Dabei ist es theoretisch m\u00f6glich \u2013 aktuell allerdings auch unklar ob und ggf. zu welchen Zwecken \u2013 dass Betreiber entsprechender Bibliotheken Daten erheben.<\/p>\r\n<p>Die Datenschutzrichtlinie des Bibliotheksbetreibers Google finden Sie hier: <a href=\"https:\/\/www.google.com\/policies\/privacy\/\" target=\"_blank\" rel=\"noopener noreferrer\">https:\/\/www.google.com\/policies\/privacy\/<\/a><\/p>\r\n<h2>Einsatz von Social Media Plug-Ins<\/h2>\r\n<p>Wir nutzen auf unserer Webseite die nachfolgend aufgef\u00fchrten Social Media Plug-ins: Facebook<\/p>\r\n<p>a. Aus Gr\u00fcnden des Datenschutzes haben wir uns bewusst dagegen entschieden, direkt Plug-ins von sozialen Netzwerken auf unserer Website einzusetzen, sodass mit dem Aufruf unserer Website grunds\u00e4tzlich keine Daten automatisch an das jeweilige soziale Netzwerk \u00fcbertragen werden. Stattdessen nutzen wir die sog. Zwei-Klick-L\u00f6sung. Mit Hilfe von der Zwei-Klick-L\u00f6sung k\u00f6nnen Sie selbst bestimmen, ob und wann Daten an die Anbieter der jeweiligen sozialen Netzwerke \u00fcbermittelt werden. Erst wenn Sie das Plug-in aktivieren und damit Ihre Zustimmung zur Daten\u00fcbermittlung erteilen, stellt Ihr Browser eine direkte Verbindung zu den Servern des jeweiligen Anbieters her. Der Inhalt des jeweiligen Plug-ins wird dann vom zugeh\u00f6rigen Anbieter direkt an Ihren Browser \u00fcbermittelt und in die Seit eingebunden.<\/p>\r\n<p>b. Durch die blo\u00dfe Einbindung des Plug-ins erhalten die Anbieter noch keine Informationen dar\u00fcber, dass unsere Website durch Sie aufgerufen wurde. Solches erfolgt erst ab dem vorgenannten Aktivierungszeitpunkt des eingebundenen Plug-Ins. Sofern eine solche Aktivierung vorgenommen worden ist, erh\u00e4lt der Plug-in Anbieter Informationen dar\u00fcber, dass unsere Website durch Sie aufgerufen wurde. Dieses gilt unabh\u00e4ngig davon, ob Sie ein Profil bei dem Plug-in Anbieter besitzen oder nicht. Sofern Sie bei einem der Plug-In Anbieter in Ihrem Nutzerkonto eingeloggt sind, kann der Plug-In Anbieter Ihren Besuch auf unserer Webseite Ihrem Benutzerkonto zuordnen. Mittels des Plug-Ins \u00fcbermittelten Daten werden mit gegebenenfalls bestehenden Accounts und Profilen verbunden. Weiter werden von den Anbietern Nutzungsprofile erstellt. Wir haben weder Einfluss auf die erhobenen Daten und Datenverarbeitungsvorg\u00e4nge, noch sind uns der volle Umfang der Datenerhebung, die Zwecke der Verarbeitung, die Speicherfristen bekannt. Auch zur L\u00f6schung der erhoben Daten durch den Plug-In-Anbieter liegen keine Informationen vor.<\/p>\r\n<p>c. Rechtsgrundlage f\u00fcr die Nutzung der Social Media Plug-Ins ist der Art. 6 Abs. 1 S 1 lit. A) DS-GVO auf Grundlage Ihrer Einwilligung.<br \/>Zweck und Umfang der Datenerhebung und die weitere Verarbeitung und Nutzung der Daten durch die Anbieter sowie Ihre diesbez\u00fcglichen Rechte und Einstellm\u00f6glichkeiten zum Schutz Ihrer Privatsph\u00e4re entnehmen Sie bitte den Datenschutzhinweisen der Anbieter.<\/p>\r\n<p>Adressen der jeweiligen Plug-In Anbieter mit deren Datenschutzhinweisen:<\/p>\r\n<p>\u2022 Facebook Inc., 1601 S California Ave, Palo Alto, California 94304, USA;<br \/>https:\/\/www.facebook.com\/policy.php; weitere Informationen zur Datenerhebung<br \/>https:\/\/facebook.com\/about\/privacy\/your-info-on-other#applications sowie<br \/>https:\/\/facebook.com\/about\/privacy\/your-info#everyoneinfo<\/p>\r\n\r\n\r\n\r\n<h2 class=\"wp-block-heading\">Ihre Rechte auf Auskunft, Berichtigung, Sperre, L\u00f6schung und Widerspruch<\/h2>\r\n\r\n<p>Sie haben das Recht, jederzeit Auskunft \u00fcber Ihre bei uns gespeicherten personenbezogenen Daten zu erhalten. Ebenso haben Sie das Recht auf Berichtigung, Sperrung oder, abgesehen von der vorgeschriebenen Datenspeicherung zur Gesch\u00e4ftsabwicklung, L\u00f6schung Ihrer personenbezogenen Daten. Bitte wenden Sie sich dazu an unseren Datenschutzbeauftragten. Die Kontaktdaten finden Sie ganz unten.<\/p>\r\n<p>Damit eine Sperre von Daten jederzeit ber\u00fccksichtigt werden kann, m\u00fcssen diese Daten zu Kontrollzwecken in einer Sperrdatei vorgehalten werden. Sie k\u00f6nnen auch die L\u00f6schung der Daten verlangen, soweit keine gesetzliche Archivierungsverpflichtung besteht. Soweit eine solche Verpflichtung besteht, sperren wir Ihre Daten auf Wunsch.<\/p>\r\n<p>Sie k\u00f6nnen \u00c4nderungen oder den Widerruf einer Einwilligung durch entsprechende Mitteilung an uns mit Wirkung f\u00fcr die Zukunft vornehmen.<\/p>\r\n\r\n<h2 class=\"wp-block-heading\">\u00c4nderung unserer Datenschutzbestimmungen<\/h2>\r\n\r\n<p>Wir behalten uns vor, diese Datenschutzerkl\u00e4rung gelegentlich anzupassen, damit sie stets den aktuellen rechtlichen Anforderungen entspricht oder um \u00c4nderungen unserer Leistungen in der Datenschutzerkl\u00e4rung umzusetzen, z. B. bei der Einf\u00fchrung neuer Services. F\u00fcr Ihren erneuten Besuch gilt dann die neue Datenschutzerkl\u00e4rung.<\/p>\r\n\r\n<h2 class=\"wp-block-heading\">Fragen zum Thema Datenschutz<\/h2>\r\n\r\n<p>Wenn Sie Fragen zum Datenschutz haben, schreiben Sie uns bitte eine E-Mail:<\/p>\r\n<p><span class=\"bullets_text\">Bund Deutscher Tierfreunde e.V.<\/span><span class=\"bullets_text\"><br \/>Am Drehmannshof 2<br \/>D-47475 Kamp-Lintfort<\/span><\/p>\r\n<p>Tel. : 02842\/928320<br \/>Fax : 02842\/9283220<\/p>\r\n<p>Mail: verwaltung[at]bund-deutscher-tierfreunde.de<\/p>","protected":false},"excerpt":{"rendered":"<p>Wer wir sind Verantwortliche Stelle im Sinne der Datenschutzgesetze ist: Bund Deutscher Tierfreunde e.V.Am Drehmannshof 2D-47475 Kamp-Lintfort Tel. Verein: 02842\/928320Fax Verein: 02842\/9283220 Mail: verwaltung[at]bund-deutscher-tierfreunde.de Die Adresse unserer Website lautet: www.bund-deutscher-tierfreunde.com Erfassung allgemeiner Informationen Wenn&#46;&#46;&#46;<\/p>\n","protected":false},"author":1,"featured_media":0,"parent":0,"menu_order":0,"comment_status":"closed","ping_status":"closed","template":"","meta":{"footnotes":""},"class_list":["post-3146","page","type-page","status-publish","hentry"],"_links":{"self":[{"href":"https:\/\/www.bund-deutscher-tierfreunde.com\/index.php?rest_route=\/wp\/v2\/pages\/3146","targetHints":{"allow":["GET"]}}],"collection":[{"href":"https:\/\/www.bund-deutscher-tierfreunde.com\/index.php?rest_route=\/wp\/v2\/pages"}],"about":[{"href":"https:\/\/www.bund-deutscher-tierfreunde.com\/index.php?rest_route=\/wp\/v2\/types\/page"}],"author":[{"embeddable":true,"href":"https:\/\/www.bund-deutscher-tierfreunde.com\/index.php?rest_route=\/wp\/v2\/users\/1"}],"replies":[{"embeddable":true,"href":"https:\/\/www.bund-deutscher-tierfreunde.com\/index.php?rest_route=%2Fwp%2Fv2%2Fcomments&post=3146"}],"version-history":[{"count":12,"href":"https:\/\/www.bund-deutscher-tierfreunde.com\/index.php?rest_route=\/wp\/v2\/pages\/3146\/revisions"}],"predecessor-version":[{"id":3243,"href":"https:\/\/www.bund-deutscher-tierfreunde.com\/index.php?rest_route=\/wp\/v2\/pages\/3146\/revisions\/3243"}],"wp:attachment":[{"href":"https:\/\/www.bund-deutscher-tierfreunde.com\/index.php?rest_route=%2Fwp%2Fv2%2Fmedia&parent=3146"}],"curies":[{"name":"wp","href":"https:\/\/api.w.org\/{rel}","templated":true}]}}