{"id":2740,"date":"2021-08-07T13:00:48","date_gmt":"2021-08-07T11:00:48","guid":{"rendered":"http:\/\/www.bund-deutscher-tierfreunde.com\/?page_id=2740"},"modified":"2024-06-11T14:38:29","modified_gmt":"2024-06-11T12:38:29","slug":"es-schnurrt-in-deutschland-am-internationale-katzentag","status":"publish","type":"page","link":"https:\/\/www.bund-deutscher-tierfreunde.com\/?page_id=2740","title":{"rendered":"Es schnurrt in Deutschland am internationale Katzentag"},"content":{"rendered":"<p><img loading=\"lazy\" decoding=\"async\" class=\"alignleft size-medium wp-image-1947\" src=\"https:\/\/www.bund-deutscher-tierfreunde.com\/wp-content\/uploads\/2015\/11\/katzenbabys-9-1-300x198.jpg\" alt=\"\" width=\"300\" height=\"198\" srcset=\"https:\/\/www.bund-deutscher-tierfreunde.com\/wp-content\/uploads\/2015\/11\/katzenbabys-9-1-300x198.jpg 300w, https:\/\/www.bund-deutscher-tierfreunde.com\/wp-content\/uploads\/2015\/11\/katzenbabys-9-1-1024x677.jpg 1024w, https:\/\/www.bund-deutscher-tierfreunde.com\/wp-content\/uploads\/2015\/11\/katzenbabys-9-1-207x136.jpg 207w, https:\/\/www.bund-deutscher-tierfreunde.com\/wp-content\/uploads\/2015\/11\/katzenbabys-9-1-430x283.jpg 430w, https:\/\/www.bund-deutscher-tierfreunde.com\/wp-content\/uploads\/2015\/11\/katzenbabys-9-1.jpg 1200w\" sizes=\"auto, (max-width: 300px) 100vw, 300px\" \/>Es schnurrt gewaltig in deutschen Wohnzimmern: \u00a0Am Sonntag (8. August) ist internationaler Tag der Katze und nach Sch\u00e4tzungen \u201eregieren\u201c mehr als 15 Millionen Samtpfoten so manchen Haushalt. Das Anliegen des Katzentages\u00a0 ist es, das Bewusstsein f\u00fcr die Bed\u00fcrfnisse der Katze zu sch\u00e4rfen.\u00a0 Die Katze begleitet den Menschen bereits seit Jahrtausenden. Das Besondere dabei: Sie ist ein nicht wirtschaftlich genutztes Haustier und das macht die Verbindung zwischen Mensch und Hauskatze so einzigartig. \u00a0Eine Extra-Streicheleinheit und ein spezielles Leckerli haben sich die Samtpfoten allein schon deshalb verdient.<\/p>\n<p>&nbsp;<\/p>\n<p>Dieser Tag sollte uns aber auch \u00a0an die oft vergessenen Katzen im Schatten &#8211; \u00a0die ausgesetzten und freilebenden Katzen &#8211; \u00a0deren Schicksal oft ein t\u00e4glicher \u00dcberlebenskampf ist, erinnern. Nur eine Kastrationspflicht kann dieses Problem beseitigen. Versch\u00e4rft wird das Problem durch nicht kastrierte Hauskatzen mit Freigang, die sich unkontrolliert mit freilebenden Katzen verpaaren. Bei einer ungehinderten Vermehrung droht eine \u201eKatzen-Explosion\u201c &#8211; deshalb sollte jeder Katzenhalter seine Samtpfote kastrieren lassen &#8211; das ist wahre Tierliebe.<\/p>\n<p>&nbsp;<\/p>\n<p><img loading=\"lazy\" decoding=\"async\" class=\"alignleft size-medium wp-image-2318\" src=\"https:\/\/www.bund-deutscher-tierfreunde.com\/wp-content\/uploads\/2017\/03\/katze-relaxt-300x225.jpg\" alt=\"\" width=\"300\" height=\"225\" srcset=\"https:\/\/www.bund-deutscher-tierfreunde.com\/wp-content\/uploads\/2017\/03\/katze-relaxt-300x225.jpg 300w, https:\/\/www.bund-deutscher-tierfreunde.com\/wp-content\/uploads\/2017\/03\/katze-relaxt-768x576.jpg 768w, https:\/\/www.bund-deutscher-tierfreunde.com\/wp-content\/uploads\/2017\/03\/katze-relaxt-1024x768.jpg 1024w, https:\/\/www.bund-deutscher-tierfreunde.com\/wp-content\/uploads\/2017\/03\/katze-relaxt.jpg 2048w\" sizes=\"auto, (max-width: 300px) 100vw, 300px\" \/>Die steigende Zahl der verwilderten und ausgesetzten Katzen stellt auch ein gro\u00dfes Problem da. Eine einheitliche bundesweite Kastrationspflicht f\u00fcr Katzen ist der einzige langfristige Ausweg. Schon jetzt gilt in mehr als 250 St\u00e4dten und Gemeinden \u2013 in NRW beispielsweise in Bonn und Essen &#8211;\u00a0 eine entsprechende Verpflichtung, doch reichen diese regionalen Regelungen nicht aus. In einigen EU-Staaten wie etwa Belgien oder \u00d6sterreich wurden Halter von sogenannten \u201eFreig\u00e4ngern\u201c zur Kastration verpflichtet.<\/p>\n<p>&nbsp;<\/p>\n<p>Kastration ist nach Auffassung von Tierexperten und Tiersch\u00fctzern die einzige M\u00f6glichkeit, die Flut an verwilderten Katzen einzud\u00e4mmen. Regionale Regelungen auf St\u00e4dte oder Gemeindeebenen sind zwar ein erster Schritt, durch die Wanderbewegungen der Tiere reichten sie jedoch nicht. Ein Katzenexperte dr\u00fcckte es drastisch aus: Wenn nicht bald gehandelt wird werden Katzen die neuen Tauben \u2013 und die Taubenplage besch\u00e4ftigt bereits viele Gemeinden.<\/p>\n","protected":false},"excerpt":{"rendered":"<p>Es schnurrt gewaltig in deutschen Wohnzimmern: \u00a0Am Sonntag (8. August) ist internationaler Tag der Katze und nach Sch\u00e4tzungen \u201eregieren\u201c mehr als 15 Millionen Samtpfoten so manchen Haushalt. Das Anliegen des Katzentages\u00a0 ist es, das&#46;&#46;&#46;<\/p>\n","protected":false},"author":1,"featured_media":0,"parent":3086,"menu_order":0,"comment_status":"closed","ping_status":"closed","template":"","meta":{"footnotes":""},"class_list":["post-2740","page","type-page","status-publish","hentry"],"_links":{"self":[{"href":"https:\/\/www.bund-deutscher-tierfreunde.com\/index.php?rest_route=\/wp\/v2\/pages\/2740","targetHints":{"allow":["GET"]}}],"collection":[{"href":"https:\/\/www.bund-deutscher-tierfreunde.com\/index.php?rest_route=\/wp\/v2\/pages"}],"about":[{"href":"https:\/\/www.bund-deutscher-tierfreunde.com\/index.php?rest_route=\/wp\/v2\/types\/page"}],"author":[{"embeddable":true,"href":"https:\/\/www.bund-deutscher-tierfreunde.com\/index.php?rest_route=\/wp\/v2\/users\/1"}],"replies":[{"embeddable":true,"href":"https:\/\/www.bund-deutscher-tierfreunde.com\/index.php?rest_route=%2Fwp%2Fv2%2Fcomments&post=2740"}],"version-history":[{"count":1,"href":"https:\/\/www.bund-deutscher-tierfreunde.com\/index.php?rest_route=\/wp\/v2\/pages\/2740\/revisions"}],"predecessor-version":[{"id":2741,"href":"https:\/\/www.bund-deutscher-tierfreunde.com\/index.php?rest_route=\/wp\/v2\/pages\/2740\/revisions\/2741"}],"up":[{"embeddable":true,"href":"https:\/\/www.bund-deutscher-tierfreunde.com\/index.php?rest_route=\/wp\/v2\/pages\/3086"}],"wp:attachment":[{"href":"https:\/\/www.bund-deutscher-tierfreunde.com\/index.php?rest_route=%2Fwp%2Fv2%2Fmedia&parent=2740"}],"curies":[{"name":"wp","href":"https:\/\/api.w.org\/{rel}","templated":true}]}}