{"id":2706,"date":"2021-05-17T15:43:21","date_gmt":"2021-05-17T13:43:21","guid":{"rendered":"http:\/\/www.bund-deutscher-tierfreunde.com\/?page_id=2706"},"modified":"2024-06-11T14:44:32","modified_gmt":"2024-06-11T12:44:32","slug":"yumi-laeuft-ins-leben","status":"publish","type":"page","link":"https:\/\/www.bund-deutscher-tierfreunde.com\/?page_id=2706","title":{"rendered":"Yumi l\u00e4uft ins Leben"},"content":{"rendered":"<p><img loading=\"lazy\" decoding=\"async\" class=\"size-medium wp-image-2707\" src=\"https:\/\/www.bund-deutscher-tierfreunde.com\/wp-content\/uploads\/2021\/05\/Yumi2-300x225.jpg\" alt=\"\" width=\"300\" height=\"225\" srcset=\"https:\/\/www.bund-deutscher-tierfreunde.com\/wp-content\/uploads\/2021\/05\/Yumi2-300x225.jpg 300w, https:\/\/www.bund-deutscher-tierfreunde.com\/wp-content\/uploads\/2021\/05\/Yumi2-768x576.jpg 768w, https:\/\/www.bund-deutscher-tierfreunde.com\/wp-content\/uploads\/2021\/05\/Yumi2-1024x768.jpg 1024w\" sizes=\"auto, (max-width: 300px) 100vw, 300px\" \/><\/p>\n<p>Yumi hat den wichtigsten Schritt in ein normales Hundeleben geschafft: Sie kann mit ihren Prothesen laufen. \u00a0Die kleine H\u00fcndin, die ohne beziehungsweise mit vier unterschiedlich langen Pfoten ausgesetzt wurde, hat einen entscheidenden Meilenstein ins normale Hundeleben hinter sich gebracht. Die ersten Prothesen wurden angepasst und ausprobiert. Die unterschiedliche L\u00e4nge der St\u00fcmpfe\/Beine und die verschiedenen Gr\u00f6\u00dfen machen den Prozess sehr schwierig. Aber es ist gelungen und sie kann schon richtig fit laufen.<\/p>\n<p>Die Gr\u00f6\u00dfe der Prothesen war eine echte Herausforderung und hat das ganze Team des Sanit\u00e4tshauses einige Nerven gekostet. Es musste viel gewerkelt und get\u00fcftelt werden. Doch nach 3-4 Versuchen war es endlich gelungen. Yumi kann direkt starten und ihre neuen Prothesen tragen, solange sie m\u00f6chte.\u00a0 Nur bei Sand und Wasser kombinierten Spazierg\u00e4ngen sollte sie besser ohne sie laufen, da es sonst schnell zu Reibungen an den Beinst\u00fcmpfen kommen kann. Nun m\u00fcssen die Fortschritte genau beobachtet werden, damit Druckstellen verhindert werden k\u00f6nnen.<\/p>\n<p><img loading=\"lazy\" decoding=\"async\" class=\"alignleft size-medium wp-image-2708\" src=\"https:\/\/www.bund-deutscher-tierfreunde.com\/wp-content\/uploads\/2021\/05\/Yumi1-300x225.jpg\" alt=\"\" width=\"300\" height=\"225\" srcset=\"https:\/\/www.bund-deutscher-tierfreunde.com\/wp-content\/uploads\/2021\/05\/Yumi1-300x225.jpg 300w, https:\/\/www.bund-deutscher-tierfreunde.com\/wp-content\/uploads\/2021\/05\/Yumi1-768x576.jpg 768w, https:\/\/www.bund-deutscher-tierfreunde.com\/wp-content\/uploads\/2021\/05\/Yumi1-1024x768.jpg 1024w\" sizes=\"auto, (max-width: 300px) 100vw, 300px\" \/>Ein weiterer Punkt ist, dass Yumi &#8222;gelernt&#8220; hat, \u00a0ihr Vorderbein nach au\u00dfen zu drehen.\u00a0 Vermutlich ist das aus irgendeinem Grund in der Vergangenheit einfacher f\u00fcr sie gewesen.\u00a0 Wenn sie das auch mit der Prothese weiterhin macht, muss nachtr\u00e4glich eine kleine Ver\u00e4nderung vorgenommen werden. Jetzt muss sie zun\u00e4chst einmal \u00fcben vern\u00fcnftig mit ihren Prothesen zu laufen und sich neu auszubalancieren. Wenn das ohne Komplikationen klappt, wird &#8211;\u00a0 wenn n\u00f6tig &#8211; \u00a0eine dritte Prothese f\u00fcr das operierte Bein getestet. Der\u00a0 linke Hinterlauf bleibt vorerst so wie er ist, weil sie da sehr gut mit zurecht kommt.\u00a0Die ersten Laufversuche haben toll geklappt und alles sieht nach einem vollen Erfolg aus.<\/p>\n<p>Die Kleine ist creme-rot-farbig H\u00fcndin wurde vor Monaten nachts in einer Transportbox in Moers ausgesetzt. Die H\u00fcndin war sogar gechipt, jedoch gibt es keine Registrierung f\u00fcr den Chip. Es handelt sich um eine asiatische Shiba Inu H\u00fcndin. Nach den ersten Tagen der Erholung, zeigte Yumi Interesse an ihrer neuen Umgebung. Zun\u00e4chst noch war sie sehr vorsichtig, doch suchte sie bereits Kontakt zu anderen Hunden. Nat\u00fcrlich war sie zun\u00e4chst \u00a0im Umgang mit Menschen vorsichtig und zur\u00fcckhaltend, aber auch hier machte sie schnell Fortschritte.<\/p>\n<p>Wegen der Corona-Krise hatte sich gesamte Ablauf leider etwas verz\u00f6gert. Spezialisten arbeiteten an den Prothesen. Die Experten und Pfleger sind sich einig, dass Yumi mit genau angepassten Prothesen ein fast normales Leben f\u00fchren kann. Nat\u00fcrlich wird sie sehr viel \u00fcben m\u00fcssen, um sich an die Prothesen zu gew\u00f6hnen.<\/p>\n<p>Nat\u00fcrlich kann man auch weiterhin zur Versorgung der kleine H\u00fcndin und zur Finanzierung der kostspieligen Prothesen beitragen:<\/p>\n<p>Commerzbank , IBAN DE04 3108 0015 0885 0835 01, BIC : DRESDEFF310<\/p>\n<p>PayPal: verwaltung@bund-deutscher-tierfreunde.de<\/p>\n<p>Hierf\u00fcr bedanken wir uns herzlich im Voraus!<\/p>\n","protected":false},"excerpt":{"rendered":"<p>Yumi hat den wichtigsten Schritt in ein normales Hundeleben geschafft: Sie kann mit ihren Prothesen laufen. \u00a0Die kleine H\u00fcndin, die ohne beziehungsweise mit vier unterschiedlich langen Pfoten ausgesetzt wurde, hat einen entscheidenden Meilenstein ins&#46;&#46;&#46;<\/p>\n","protected":false},"author":1,"featured_media":0,"parent":3086,"menu_order":0,"comment_status":"closed","ping_status":"closed","template":"","meta":{"footnotes":""},"class_list":["post-2706","page","type-page","status-publish","hentry"],"_links":{"self":[{"href":"https:\/\/www.bund-deutscher-tierfreunde.com\/index.php?rest_route=\/wp\/v2\/pages\/2706","targetHints":{"allow":["GET"]}}],"collection":[{"href":"https:\/\/www.bund-deutscher-tierfreunde.com\/index.php?rest_route=\/wp\/v2\/pages"}],"about":[{"href":"https:\/\/www.bund-deutscher-tierfreunde.com\/index.php?rest_route=\/wp\/v2\/types\/page"}],"author":[{"embeddable":true,"href":"https:\/\/www.bund-deutscher-tierfreunde.com\/index.php?rest_route=\/wp\/v2\/users\/1"}],"replies":[{"embeddable":true,"href":"https:\/\/www.bund-deutscher-tierfreunde.com\/index.php?rest_route=%2Fwp%2Fv2%2Fcomments&post=2706"}],"version-history":[{"count":3,"href":"https:\/\/www.bund-deutscher-tierfreunde.com\/index.php?rest_route=\/wp\/v2\/pages\/2706\/revisions"}],"predecessor-version":[{"id":3094,"href":"https:\/\/www.bund-deutscher-tierfreunde.com\/index.php?rest_route=\/wp\/v2\/pages\/2706\/revisions\/3094"}],"up":[{"embeddable":true,"href":"https:\/\/www.bund-deutscher-tierfreunde.com\/index.php?rest_route=\/wp\/v2\/pages\/3086"}],"wp:attachment":[{"href":"https:\/\/www.bund-deutscher-tierfreunde.com\/index.php?rest_route=%2Fwp%2Fv2%2Fmedia&parent=2706"}],"curies":[{"name":"wp","href":"https:\/\/api.w.org\/{rel}","templated":true}]}}