{"id":2,"date":"2013-04-08T10:13:55","date_gmt":"2013-04-08T10:13:55","guid":{"rendered":"http:\/\/www.bund-deutscher-tierfreunde.com\/?page_id=2"},"modified":"2024-06-11T14:55:17","modified_gmt":"2024-06-11T12:55:17","slug":"beispiel-seite","status":"publish","type":"page","link":"https:\/\/www.bund-deutscher-tierfreunde.com\/?page_id=2","title":{"rendered":"Aktionen"},"content":{"rendered":"<p style=\"text-align: justify;\"><span style=\"color: #000000;\"><strong>Die Stimme erheben f\u00fcr die Tiere. Was k\u00f6nnen wir tun?<\/strong><\/span><\/p>\n<p style=\"text-align: justify;\"><span style=\"color: #000000;\">Wenn wir alle wirklich w\u00fcssten, was in abgeriegelten St\u00e4llen, Versuchslaboren, auf den tage- und wochenlangen Transporten geschieht, wenn wir es s\u00e4hen, hautnah das Leid, die Missachtung, die Erniedrigung jedes einzelnen Tieres &#8211; alle &#8211; von uns w\u00fcrden aufschreien angesichts dieser Ungerechtigkeit, w\u00fcrde einschreiten, um Einhalt zu gebieten und dem leidenden Tier tr\u00f6stend und helfend zur Seite zu stehen. Wenn Tiere nicht f\u00fcr ihre Rechte k\u00e4mpfen k\u00f6nnen, so soll das nicht hei\u00dfen, dass sie keine haben.<\/span><\/p>\n<p style=\"text-align: justify;\"><span style=\"color: #000000;\">Deshalb wurde die Aufkl\u00e4rung fest in unserer Satzung verankert. In zigtausend Einzelgespr\u00e4chen j\u00e4hrlich, informieren wir die Bev\u00f6lkerung das, wenn schon Fleisch, sie bereits durch Ihr Kaufverhalten wesentlich zur Verhinderung von unertr\u00e4glichem Tierleid beitragen<\/span><\/p>\n<p><span style=\"color: #000000;\"><strong>Nutzen wir die Macht der Verbraucher !<\/strong><\/span><\/p>\n<div id=\"attachment_1475\" style=\"width: 394px\" class=\"wp-caption aligncenter\"><a href=\"https:\/\/www.bund-deutscher-tierfreunde.com\/wp-content\/uploads\/2013\/04\/aktion.jpg\"><img loading=\"lazy\" decoding=\"async\" aria-describedby=\"caption-attachment-1475\" class=\"size-full wp-image-1475\" src=\"https:\/\/www.bund-deutscher-tierfreunde.com\/wp-content\/uploads\/2013\/04\/aktion.jpg\" alt=\"Informationsstand des BDT\" width=\"384\" height=\"288\" srcset=\"https:\/\/www.bund-deutscher-tierfreunde.com\/wp-content\/uploads\/2013\/04\/aktion.jpg 384w, https:\/\/www.bund-deutscher-tierfreunde.com\/wp-content\/uploads\/2013\/04\/aktion-300x225.jpg 300w\" sizes=\"auto, (max-width: 384px) 100vw, 384px\" \/><\/a><p id=\"caption-attachment-1475\" class=\"wp-caption-text\">Informationsstand des BDT<\/p><\/div>\n<p style=\"text-align: justify;\"><span style=\"color: #000000;\">Viele Menschen sind sich nicht dar\u00fcber im Klaren, dass sie durch ihr un\u00fcberlegtes Handeln indirekt f\u00fcr millionenfaches Tierleid mit verantwortlich sind. An unseren Info-St\u00e4nden beraten wir den Verbraucher u.a. ausf\u00fchrlich \u00fcber die Themen:<\/span><\/p>\n<p style=\"text-align: justify;\"><strong><span style=\"color: #000000;\">Immenses Tierleid bei den Tiertransporten<\/span><\/strong><\/p>\n<p style=\"text-align: justify;\"><span style=\"color: #000000;\">Fragen Sie beim Einkauf woher die Ware kommt. Kaufen Sie nur aus Ihrer Region. Kaufen Sie nur<\/span><\/p>\n<ul>\n<li style=\"text-align: justify;\"><span style=\"color: #000000;\">b\u00e4uerliche Freilandhaltung<\/span><\/li>\n<li style=\"text-align: justify;\"><span style=\"color: #000000;\">b\u00e4uerliche Auslandhaltung<\/span><\/li>\n<\/ul>\n<p style=\"text-align: justify;\"><strong><span style=\"color: #000000;\">Massentierhaltung<\/span><\/strong><br \/>\n<span style=\"color: #000000;\"> Keine Produkte aus tierqu\u00e4lerischer Intensiv-Massentierhaltung. Fragen Sie woher die Ware kommt, achten sie auf G\u00fctesiegel, aber lassen sie sich von Phantasienamen die artgerechte Haltung vort\u00e4uschen nicht irref\u00fchren.<\/span><\/p>\n<p style=\"text-align: justify;\"><strong><span style=\"color: #000000;\">Tierversuche in der Kosmetik und Hygieneartikel<\/span><\/strong><br \/>\n<span style=\"color: #000000;\"> Ein Gro\u00dfteil der Stoffe, die in Kosmetika enthalten sind, wird nach wie vor durch grausame Tierversuche getestet. Doch es gibt viele Firmen, die heute tier- versuchsfreie Kosmetik und Hygieneartikel herstellen und vertreiben. Wir bieten eine Liste dieser Firmen an.<\/span><\/p>\n<p style=\"text-align: justify;\"><strong><span style=\"color: #000000;\">Tiere d\u00fcrfen nicht f\u00fcr die Mode sterben<\/span><\/strong><br \/>\n<span style=\"color: #000000;\"> Die Phantasie der Vertuschung kennt keine Grenzen. Pelzbezeichnungen und ihre wahren Opfer:<\/span><\/p>\n<p style=\"text-align: justify;\"><span style=\"color: #000000;\">Marmotte und Marmola sind Waschb\u00e4r, Persianer sind ungeborene L\u00e4mmer, River-Mink ist Bisamratte, Sabaki und Seefuchs sind Haushund, Sobalsky ist Eichh\u00f6rnchen, Sobaski ist Haushund, Telentka ist Eichh\u00f6rnchen, Wildhund ist Haushund, Wolf von Asien ist Sch\u00e4ferhund, Wombat ist Koalab\u00e4r und Zobelkanin ist Hamster. Chinchilette ist Kaninchen, Corsak-Fuchs ist Haushund, Cypernkatze ist Hauskatze, Dogaskin ist Haushund, Feh ist Eichh\u00f6rnchen, Finn-Racon und Gaewolf ist Haushund, Genotte, Lipi und Lyrenkatze sind Namen f\u00fcr Hauskatze.<\/span><\/p>\n<p style=\"text-align: justify;\"><span style=\"color: #000000;\">Nur im direkten Dialog k\u00f6nnen wir die Verbraucher dazu bringen sich mit der Thematik auseinander zu setzen. Viele Menschen sind sich nicht dar\u00fcber im Klaren, dass sie durch ihr un\u00fcberlegtes Handeln\u00a0unbewusst\u00a0f\u00fcr millionenfaches Tierleid mit verantwortlich sind.<\/span><\/p>\n","protected":false},"excerpt":{"rendered":"<p>Die Stimme erheben f\u00fcr die Tiere. Was k\u00f6nnen wir tun? Wenn wir alle wirklich w\u00fcssten, was in abgeriegelten St\u00e4llen, Versuchslaboren, auf den tage- und wochenlangen Transporten geschieht, wenn wir es s\u00e4hen, hautnah das Leid,&#46;&#46;&#46;<\/p>\n","protected":false},"author":1,"featured_media":0,"parent":0,"menu_order":4,"comment_status":"closed","ping_status":"closed","template":"","meta":{"footnotes":""},"class_list":["post-2","page","type-page","status-publish","hentry"],"_links":{"self":[{"href":"https:\/\/www.bund-deutscher-tierfreunde.com\/index.php?rest_route=\/wp\/v2\/pages\/2","targetHints":{"allow":["GET"]}}],"collection":[{"href":"https:\/\/www.bund-deutscher-tierfreunde.com\/index.php?rest_route=\/wp\/v2\/pages"}],"about":[{"href":"https:\/\/www.bund-deutscher-tierfreunde.com\/index.php?rest_route=\/wp\/v2\/types\/page"}],"author":[{"embeddable":true,"href":"https:\/\/www.bund-deutscher-tierfreunde.com\/index.php?rest_route=\/wp\/v2\/users\/1"}],"replies":[{"embeddable":true,"href":"https:\/\/www.bund-deutscher-tierfreunde.com\/index.php?rest_route=%2Fwp%2Fv2%2Fcomments&post=2"}],"version-history":[{"count":32,"href":"https:\/\/www.bund-deutscher-tierfreunde.com\/index.php?rest_route=\/wp\/v2\/pages\/2\/revisions"}],"predecessor-version":[{"id":3097,"href":"https:\/\/www.bund-deutscher-tierfreunde.com\/index.php?rest_route=\/wp\/v2\/pages\/2\/revisions\/3097"}],"wp:attachment":[{"href":"https:\/\/www.bund-deutscher-tierfreunde.com\/index.php?rest_route=%2Fwp%2Fv2%2Fmedia&parent=2"}],"curies":[{"name":"wp","href":"https:\/\/api.w.org\/{rel}","templated":true}]}}