{"id":164,"date":"2010-09-15T08:02:28","date_gmt":"2010-09-15T06:02:28","guid":{"rendered":"http:\/\/elegantthemes.com\/preview\/DeepFocus\/?page_id=164"},"modified":"2026-04-09T12:46:05","modified_gmt":"2026-04-09T10:46:05","slug":"full-width","status":"publish","type":"page","link":"https:\/\/www.bund-deutscher-tierfreunde.com\/?page_id=164","title":{"rendered":"\u00dcber uns"},"content":{"rendered":"<p><span style=\"color: #000000;\">Der Bund deutscher Tierfreunde e.V. (BDT) wurde am 01.06.1999 gegr\u00fcndet und beim Amtsgericht Kempen eingetragen.<\/span><\/p>\n<p><span style=\"color: #000000;\">Zweck des als gemeinn\u00fctzig und besonders f\u00f6rderungsw\u00fcrdig anerkannt Vereines ist die F\u00f6rderung des Tier-, Natur- und Artenschutzes. Der Verein begreift Tierschutz als praktische, politische und philosophische Aufgabe, den Tieren zu ihren Rechten zu verhelfen und sie aus der Jahrtausend alten Tyrannei des Menschen zu befreien. Tiere haben nach dem Verst\u00e4ndnis des Vereins ein uneingeschr\u00e4nktes Grundrecht auf Leben, k\u00f6rperliche und psychische Unversehrtheit, Freiheit, und W\u00fcrde. Wir haben es uns zur Aufgabe gemacht die elementaren Rechte der Tiere auf Leben, individuelle Freiheit und k\u00f6rperliche Unversehrtheit im Bewusstsein der Bev\u00f6lkerung zu verankern.\u00a0 \u00a0An unseren Informationsst\u00e4nden versuchen wir durch Aufkl\u00e4rung Liebe und Verst\u00e4ndnis f\u00fcr den Tier-Natur u. Artenschutz zu wecken und dadurch das Wohlergehen und eine artgerechte Haltung zu f\u00f6rdern (Auszug unserer Satzung).<\/span><\/p>\n<p><span style=\"color: #000000;\">Wir bieten schnelle, direkte Hilfe im nationalen und internationalen Tier-, Natur- und Artenschutzbereich, nicht zuletzt durch die Unterst\u00fctzung lokaler Vereine. Durch gemeinsame Kampagnen, in Zusammenarbeit mit anderen Organisationen, mit denen wir gemeinsam f\u00fcr unsere Ziele k\u00e4mpfen, setzen wir uns aktiv und effektiv f\u00fcr den Tier-, Natur- und Artenschutz ein.<\/span><\/p>\n<p><span style=\"color: #000000;\">Wir finanzieren uns nur durch Spenden und Mitgliedsbeitr\u00e4ge.<\/span><\/p>\n<hr \/>\n<p><span style=\"color: #000000;\">Vielf\u00e4ltigen Herausforderungen stellt sich der BDT mit seinen Partnern und Mitarbeitern z.B.:<\/span><\/p>\n<p><span style=\"color: #000000;\"><strong>Aufbau eigener Tierherbergen<br \/>\n<\/strong>Seit dem Jahr 2003 betreiben wir zwei eigene Tierherbergen, auf denen bereits \u00fcber 80 Hunde, 30 Katzen, 30 Pferde, Esel und viele Kleintiere leben. <a style=\"color: #000000;\" href=\"http:\/\/www.tierherberge-kamp-lintfort.de\/category\/bund-deutscher-tierfreunde-tierheim-kamp-lintfort\/\">Tierherberge Kamp-Lintfort <\/a>&#8211; <a style=\"color: #000000;\" href=\"http:\/\/gnadenhofweeze.blogspot.de\/\">Gnadenhof Weeze<\/a><\/span><\/p>\n<p><span style=\"color: #000000;\"><strong>Unterst\u00fctzung von notleidenden Tierheimen<br \/>\n<\/strong>Wir unterst\u00fctzen Tierheime und tiersch\u00fctzerische Einrichtungen auf\u00a0 ideeller, materieller und finanzieller Basis, wenn diese durch Aufkl\u00e4rung und gutes Beispiel, Liebe und Verst\u00e4ndnis f\u00fcr die Tierwelt wecken, das Wohlergehen und eine artgerechte Haltung der Tiere f\u00f6rdern.<\/span><\/p>\n<p><span style=\"color: #000000;\"><strong>Unterst\u00fctzung von Kastrationsprojekte im In und Ausland<br \/>\n<\/strong>In Zusammenarbeit mit unseren Partnern, lokalen Beh\u00f6rden und Tier\u00e4rzten finanzieren wir Kastrationsma\u00dfnahmen. Nur durch fortw\u00e4hrende Kastrationen l\u00e4sst sich die st\u00e4ndig anwachsende Zahl der Stra\u00dfentiere in den Griff bekommen.<\/span><\/p>\n<p><span style=\"color: #000000;\"><strong>Unterst\u00fctzung von Natur und Artenschutzprojekte<br \/>\n<\/strong>Bildung f\u00fcr ARTenschutz. Das erste Wildlife-Schulbuch Afrikas. Gemeinsam mit Kulturvertretern, Lehrern und Rangern vor Ort entstand das erste Wildlife-Schulbuch \u00fcberhaupt. Das Projekt des Vereines &#8222;Leben f\u00fcr Geparden e.V.&#8220; unterst\u00fctzen wir seit 01.03.2008 in dem wir u.a. j\u00e4hrlich die Kosten f\u00fcr 5000 Schulb\u00fccher \u00fcbernahmen.<\/span><\/p>\n<p><span style=\"color: #000000;\">Zusammen mit unserem Partner Aktionsgemeinschaft Artenschutz e.V. treten wir Massiv gegen die weltweite Zerst\u00f6rung der Arten ein. Der Bund deutscher Tierfreunde e.V. und die Aktionsgemeinschaft Artenschutz e.V. (AgA) starteten ab Mai 04 ein Projekt zum Schutz der bedrohten Meeresschildkr\u00f6ten in dem Gebiet von Dalyan\/T\u00fcrkei. Zahlreiche Helfer haben sich gemeldet um die Arbeit vor Ort zu unterst\u00fctzen. Die Meeresschildkr\u00f6ten sind vom Aussterben stark bedroht. Jetzt gilt es gemeinsam die letzten Urtiere zu retten, denn es wird h\u00f6chste Zeit.<\/span><\/p>\n<p><span style=\"color: #000000;\">Wir unterst\u00fctzen ein Meeresschutzprojekt das sich insbesondere dem Schutz des Lebensraums von Walen und Delphinen vor den Kanarischen Inseln und hier speziell vor La Gomera verschrieben hat. Gem\u00e4\u00df dem Motto \u201eman kann nur sch\u00fctzen was man kennt\u201c, wird seit rund 10 Jahren eine Bestandsaufnahme der speziell vor La Gomera vorkommenden Wale und Delphine vorgenommen. Dabei geh\u00f6rt Atlanticblue e.V. zu den wenigen Institutionen auf den Kanarischen Inseln, die von den spanischen Beh\u00f6rden autorisiert sind, derartige Forschungsarbeit zu leisten.<\/span><\/p>\n<p><span style=\"color: #000000;\"><strong>Vermittlung von Heimtieren und Urlaubspflegepl\u00e4tze<br \/>\n<\/strong>Statt Tiere in lebenslange Einzelhaft zu verbringen, versuchen wir die Tiere in liebevolle H\u00e4nde zu vermitteln. In unseren eigenen Tierheimen wir ausschlie\u00dflich Gruppenhaltung praktiziert. Mit der Aktion &#8222;Tierische Nachbarschaftshilfe&#8220; wollen wir dazu beitragen, die ersch\u00fctternde Zahl von TAUSENDEN ausgesetzter Tiere w\u00e4hrend der Urlaubszeit zu verringern. Alle entstehenden Kosten f\u00fcr Futter ec. \u00fcbernimmt nat\u00fcrlich der Besitzer, auch ist es selbstverst\u00e4ndlich das nur gesunde, geimpfte Tiere vermittelt werden. Unsere Aktion gibt der Pflegefamilie zum Beispiel die M\u00f6glichkeit auszuprobieren, ob die Anschaffung eines Haustieres f\u00fcr Sie auf Dauer das Richtige ist. Aber auch \u00e4ltere Menschen haben f\u00fcr kurze Zeit die Gelegenheit, ihren Alltag mit einem vierbeinigen oder gefiederten Gef\u00e4hrten zu verbringen.<\/span><\/p>\n<p><span style=\"color: #000000;\">Martina Klein<\/span><br \/>\n<span style=\"color: #000000;\">Vorstandsvorsitzende<\/span><\/p>\n","protected":false},"excerpt":{"rendered":"<p>Der Bund deutscher Tierfreunde e.V. (BDT) wurde am 01.06.1999 gegr\u00fcndet und beim Amtsgericht Kempen eingetragen. Zweck des als gemeinn\u00fctzig und besonders f\u00f6rderungsw\u00fcrdig anerkannt Vereines ist die F\u00f6rderung des Tier-, Natur- und Artenschutzes. Der Verein&#46;&#46;&#46;<\/p>\n","protected":false},"author":1,"featured_media":954,"parent":0,"menu_order":0,"comment_status":"closed","ping_status":"closed","template":"","meta":{"footnotes":""},"class_list":["post-164","page","type-page","status-publish","has-post-thumbnail","hentry"],"_links":{"self":[{"href":"https:\/\/www.bund-deutscher-tierfreunde.com\/index.php?rest_route=\/wp\/v2\/pages\/164","targetHints":{"allow":["GET"]}}],"collection":[{"href":"https:\/\/www.bund-deutscher-tierfreunde.com\/index.php?rest_route=\/wp\/v2\/pages"}],"about":[{"href":"https:\/\/www.bund-deutscher-tierfreunde.com\/index.php?rest_route=\/wp\/v2\/types\/page"}],"author":[{"embeddable":true,"href":"https:\/\/www.bund-deutscher-tierfreunde.com\/index.php?rest_route=\/wp\/v2\/users\/1"}],"replies":[{"embeddable":true,"href":"https:\/\/www.bund-deutscher-tierfreunde.com\/index.php?rest_route=%2Fwp%2Fv2%2Fcomments&post=164"}],"version-history":[{"count":28,"href":"https:\/\/www.bund-deutscher-tierfreunde.com\/index.php?rest_route=\/wp\/v2\/pages\/164\/revisions"}],"predecessor-version":[{"id":3674,"href":"https:\/\/www.bund-deutscher-tierfreunde.com\/index.php?rest_route=\/wp\/v2\/pages\/164\/revisions\/3674"}],"wp:featuredmedia":[{"embeddable":true,"href":"https:\/\/www.bund-deutscher-tierfreunde.com\/index.php?rest_route=\/wp\/v2\/media\/954"}],"wp:attachment":[{"href":"https:\/\/www.bund-deutscher-tierfreunde.com\/index.php?rest_route=%2Fwp%2Fv2%2Fmedia&parent=164"}],"curies":[{"name":"wp","href":"https:\/\/api.w.org\/{rel}","templated":true}]}}