{"id":1628,"date":"2014-05-03T11:31:14","date_gmt":"2014-05-03T09:31:14","guid":{"rendered":"http:\/\/www.bund-deutscher-tierfreunde.com\/?page_id=1628"},"modified":"2024-06-13T10:42:11","modified_gmt":"2024-06-13T08:42:11","slug":"schliessung-der-delphinarien","status":"publish","type":"page","link":"https:\/\/www.bund-deutscher-tierfreunde.com\/?page_id=1628","title":{"rendered":"Schliessung der Delfinarien"},"content":{"rendered":"<p>In Deutschland gibt es nur noch zwei Delfinarien in Duisburg und in N\u00fcrnberg.<\/p>\n<p>In Duisburg gibt es neun Delfine, in N\u00fcrnberg acht. In dem s\u00fcddeutschen Delfinarium lebe mit dem 55-j\u00e4hrigen Moby der \u00e4lteste bekannte Gro\u00dfe T\u00fcmmler \u00fcberhaupt, unterstrich der Pr\u00e4sident des Verbands Deutscher Zoodirektoren, Theo Pagel.<\/p>\n<p>Auch in Duisburg leben noch zwei ehemals wild gefangene \u00fcber 30 Jahre alte Delfine. Die anderen T\u00fcmmler sind Nachzuchten. Heutzutage liege die Lebenserwartung der Tiere in Delfinarien deutlich h\u00f6her als im Meer, wo die Tiere im Durchschnitt nicht einmal 20 Jahre alt w\u00fcrden, betonte Zoodirektor Winkler.<br \/>\nKeine Angaben zu Todesf\u00e4llen<br \/>\nWirr werfen den Zoos vor, Zuchtb\u00fccher sowie Angaben \u00fcber Medikamentengaben und Todesf\u00e4lle unter Verschluss zu halten. Nach Berechnungen des gemeinn\u00fctzigen Wal- und Delfinschutzforums starben in Duisburg seit Einrichtung des Delfinariums 1965 mindestens 60 Meeress\u00e4uger.<\/p>\n<p>Von 32 Tieren, die seit 1971 im N\u00fcrnberger Delfinarium lebten, sind 21 eines unnat\u00fcrlichen, fr\u00fchzeitigen Todes gestorben. 22 der 32 Tiere waren Wildf\u00e4nge, also frei geborene Tiere, unter denen sich auch 7 vom Aussterben bedrohte\u00a0 Guayana-Delfine befanden. Zur Zeit leben in N\u00fcrnberg noch 7 gro\u00dfe T\u00fcmmler (5\u00a0 Wildf\u00e4nge, 2 Nachzuchten). Stand:01.01.03<\/p>\n<p><strong>Wir bitten Sie:<\/strong><\/p>\n<p><strong>Boykottieren Sie Delfinarien im In-und Ausland!<\/strong><\/p>\n<p>Delphinarien wurden in den 70er Jahren als profitversprechender \u00a0Wirtschaftszweig entdeckt. Das scheinbare L\u00e4cheln der Delphine weckt positive Emotionen, was sich als \u00e4u\u00dferst publikumswirksam erwies und den Tieren zum Verh\u00e4ngnis wurde. Aufgrund wachsender Kritik von vielen Tierfreunden wurde\u00a0 von den Betreibern der Delfinarien damit begonnen, Argumente pseudowissenschaftlicher Art als Rechtfertigung f\u00fcr die Gefangenschaftshaltung von Delfine nachzuliefern. Diese auf wackligen F\u00fc\u00dfen\u00a0 stehende Argumentation z.B. zu den Themen Bildung, Forschung und Zucht wird\u00a0 von unabh\u00e4ngigen Wissenschaftlern ad absurdum gef\u00fchrt.<\/p>\n<p><strong>Bildungsauftrag \/ Bildungsfunktion<\/strong><br \/>\nEine unterhaltungsorientierte Delfin- Show repr\u00e4sentiert nicht ann\u00e4herungsweise das Verhalten der Tiere in gewachsenen Sozialverb\u00e4nden in\u00a0 ihren nat\u00fcrlichen Lebensr\u00e4umen.<\/p>\n<p><strong>Forschung<\/strong><br \/>\nForschung an Delfine, deren breites Verhaltensspektrum durch die Gefangenschaftshaltung auf ein Minimum reduziert ist, ergibt keinen Sinn.<\/p>\n<p><strong>Zucht<\/strong><br \/>\nDie Zucht in Delfinarien ist nach wissenschaftlichen Kriterien weder erfolgreich, noch selbsterhaltend. Von erfolgreicher Zucht kann erst bei\u00a0 Nachkommen ab der zweiten Generation gesprochen werden, die es aber in ganz\u00a0 Europa nicht gibt.<\/p>\n<p><strong>Lebensdauer<\/strong><br \/>\nEine Studie der Internationalen Meeress\u00e4uger Vereinigung (IMMA) gibt das durchschnittliche Alter freilebender T\u00fcmmler mit ca. 30 Jahren an. Ihre\u00a0 gefangenen Artgenossen leben im Durchschnitt gerade 14 Jahre. Hohe Verluste bei Fang und Transport. Haben Sie gewusst, das von hundert Delfinen, die f\u00fcr ein Delfinarium gefangen werden, schlie\u00dflich nur f\u00fcnf Delfine \u00fcberleben? Die restlichen sterben bei der Jagd, dem Transport oder in\u00a0 den ersten drei Monaten ihrer Gefangenschaft. Viele Delfine in Delfinarien haben auch schon Selbstmord\u00a0 begangen, indem sie aus dem Bassin springen oder unter Wasser die Luft\u00a0 anhalten.<\/p>\n<p>Es erschreckt uns immer wieder, da\u00df Menschen Eintrittsgeld bezahlen, um\u00a0 Delfine in Gefangenschaft und Isolation zu sehen. Wenn wir dar\u00fcber nachdenken, dr\u00e4ngt sich uns die Frage auf, ob nicht die Isolation der Tiere\u00a0 ein Spiegelbild unserer eigenen Isolation ist. Der Zustand von Isolation und\u00a0 Unfreiheit sollte f\u00fcr alle Lebewesen unakzeptierbar sein.<\/p>\n<p><a href=\"https:\/\/www.bund-deutscher-tierfreunde.com\/wp-content\/uploads\/2013\/04\/Delfinarium-2-.jpg\"><img loading=\"lazy\" decoding=\"async\" class=\"aligncenter size-medium wp-image-1640\" src=\"https:\/\/www.bund-deutscher-tierfreunde.com\/wp-content\/uploads\/2013\/04\/Delfinarium-2--300x205.jpg\" alt=\"Delfinarium-2-\" width=\"300\" height=\"205\" srcset=\"https:\/\/www.bund-deutscher-tierfreunde.com\/wp-content\/uploads\/2013\/04\/Delfinarium-2--300x205.jpg 300w, https:\/\/www.bund-deutscher-tierfreunde.com\/wp-content\/uploads\/2013\/04\/Delfinarium-2-.jpg 876w\" sizes=\"auto, (max-width: 300px) 100vw, 300px\" \/><\/a><\/p>\n<p>&nbsp;<\/p>\n","protected":false},"excerpt":{"rendered":"<p>In Deutschland gibt es nur noch zwei Delfinarien in Duisburg und in N\u00fcrnberg. In Duisburg gibt es neun Delfine, in N\u00fcrnberg acht. In dem s\u00fcddeutschen Delfinarium lebe mit dem 55-j\u00e4hrigen Moby der \u00e4lteste bekannte&#46;&#46;&#46;<\/p>\n","protected":false},"author":1,"featured_media":0,"parent":3086,"menu_order":0,"comment_status":"closed","ping_status":"closed","template":"","meta":{"footnotes":""},"class_list":["post-1628","page","type-page","status-publish","hentry"],"_links":{"self":[{"href":"https:\/\/www.bund-deutscher-tierfreunde.com\/index.php?rest_route=\/wp\/v2\/pages\/1628","targetHints":{"allow":["GET"]}}],"collection":[{"href":"https:\/\/www.bund-deutscher-tierfreunde.com\/index.php?rest_route=\/wp\/v2\/pages"}],"about":[{"href":"https:\/\/www.bund-deutscher-tierfreunde.com\/index.php?rest_route=\/wp\/v2\/types\/page"}],"author":[{"embeddable":true,"href":"https:\/\/www.bund-deutscher-tierfreunde.com\/index.php?rest_route=\/wp\/v2\/users\/1"}],"replies":[{"embeddable":true,"href":"https:\/\/www.bund-deutscher-tierfreunde.com\/index.php?rest_route=%2Fwp%2Fv2%2Fcomments&post=1628"}],"version-history":[{"count":5,"href":"https:\/\/www.bund-deutscher-tierfreunde.com\/index.php?rest_route=\/wp\/v2\/pages\/1628\/revisions"}],"predecessor-version":[{"id":3106,"href":"https:\/\/www.bund-deutscher-tierfreunde.com\/index.php?rest_route=\/wp\/v2\/pages\/1628\/revisions\/3106"}],"up":[{"embeddable":true,"href":"https:\/\/www.bund-deutscher-tierfreunde.com\/index.php?rest_route=\/wp\/v2\/pages\/3086"}],"wp:attachment":[{"href":"https:\/\/www.bund-deutscher-tierfreunde.com\/index.php?rest_route=%2Fwp%2Fv2%2Fmedia&parent=1628"}],"curies":[{"name":"wp","href":"https:\/\/api.w.org\/{rel}","templated":true}]}}