{"id":1618,"date":"2014-05-03T10:56:32","date_gmt":"2014-05-03T08:56:32","guid":{"rendered":"http:\/\/www.bund-deutscher-tierfreunde.com\/?page_id=1618"},"modified":"2024-06-11T14:46:27","modified_gmt":"2024-06-11T12:46:27","slug":"zirkus","status":"publish","type":"page","link":"https:\/\/www.bund-deutscher-tierfreunde.com\/?page_id=1618","title":{"rendered":"Zirkustiere sind Zwangsarbeiter"},"content":{"rendered":"<p><span style=\"color: #000000;\">Ob Elefant, Affe oder Tiger \u2013 Wildtiere geh\u00f6ren nicht in den Zirkus. Sie leiden unter der v\u00f6llig unzureichenden Unterbringung und mangelnden Versorgung, st\u00e4ndigen Transporten und der tierschutzwidrigen Dressur. Nur ein Verbot der Wildtierhaltung kann hier Abhilfe schaffen. Andere europ\u00e4ische L\u00e4nder sind hier deutlich voraus und verbieten die Wildtierhaltung im Zirkus bereits ganz oder teilweise.<\/span> Sehen Sie dazu einen Film von PETA:<br \/>\n<a href=\"http:\/\/www.youtube.com\/watch?v=eSNdeTcj2sk\">PETA Deutschland e.V. &#8211; Tyke &#8211; Der letzte Auftritt<\/a><\/p>\n<p><span style=\"color: #000000;\">Wir bitten Sie eindringlich nach dieser 12 min\u00fctigen Dokumentation.<\/span><br \/>\n<span style=\"color: #000000;\"> Besuchen Sie keinen Zirkus der Wildtiere zur Belustigung zur Schau stellt!<\/span><\/p>\n<p><a href=\"https:\/\/www.bund-deutscher-tierfreunde.com\/wp-content\/uploads\/2014\/05\/Flyer_Zirkus.pdf\">Flyer_Zirkus<\/a><\/p>\n<p>&nbsp;<\/p>\n","protected":false},"excerpt":{"rendered":"<p>Ob Elefant, Affe oder Tiger \u2013 Wildtiere geh\u00f6ren nicht in den Zirkus. Sie leiden unter der v\u00f6llig unzureichenden Unterbringung und mangelnden Versorgung, st\u00e4ndigen Transporten und der tierschutzwidrigen Dressur. Nur ein Verbot der Wildtierhaltung kann&#46;&#46;&#46;<\/p>\n","protected":false},"author":1,"featured_media":0,"parent":3086,"menu_order":0,"comment_status":"closed","ping_status":"closed","template":"","meta":{"footnotes":""},"class_list":["post-1618","page","type-page","status-publish","hentry"],"_links":{"self":[{"href":"https:\/\/www.bund-deutscher-tierfreunde.com\/index.php?rest_route=\/wp\/v2\/pages\/1618","targetHints":{"allow":["GET"]}}],"collection":[{"href":"https:\/\/www.bund-deutscher-tierfreunde.com\/index.php?rest_route=\/wp\/v2\/pages"}],"about":[{"href":"https:\/\/www.bund-deutscher-tierfreunde.com\/index.php?rest_route=\/wp\/v2\/types\/page"}],"author":[{"embeddable":true,"href":"https:\/\/www.bund-deutscher-tierfreunde.com\/index.php?rest_route=\/wp\/v2\/users\/1"}],"replies":[{"embeddable":true,"href":"https:\/\/www.bund-deutscher-tierfreunde.com\/index.php?rest_route=%2Fwp%2Fv2%2Fcomments&post=1618"}],"version-history":[{"count":15,"href":"https:\/\/www.bund-deutscher-tierfreunde.com\/index.php?rest_route=\/wp\/v2\/pages\/1618\/revisions"}],"predecessor-version":[{"id":3095,"href":"https:\/\/www.bund-deutscher-tierfreunde.com\/index.php?rest_route=\/wp\/v2\/pages\/1618\/revisions\/3095"}],"up":[{"embeddable":true,"href":"https:\/\/www.bund-deutscher-tierfreunde.com\/index.php?rest_route=\/wp\/v2\/pages\/3086"}],"wp:attachment":[{"href":"https:\/\/www.bund-deutscher-tierfreunde.com\/index.php?rest_route=%2Fwp%2Fv2%2Fmedia&parent=1618"}],"curies":[{"name":"wp","href":"https:\/\/api.w.org\/{rel}","templated":true}]}}